{"id":92,"date":"2025-06-23T14:21:19","date_gmt":"2025-06-23T17:21:19","guid":{"rendered":"https:\/\/eventos.uel.br\/sefisem\/?page_id=92"},"modified":"2025-06-24T13:45:49","modified_gmt":"2025-06-24T16:45:49","slug":"perguntas-frequentes","status":"publish","type":"page","link":"https:\/\/eventos.uel.br\/sefisem\/perguntas-frequentes\/","title":{"rendered":"Perguntas frequentes"},"content":{"rendered":"\n<details class=\"wp-block-details is-layout-flow wp-block-details-is-layout-flow\"><summary>Qual \u00e9 o p\u00fablico-alvo do evento?<br><\/summary>\n<p>Alunos do Ensino M\u00e9dio que tenham interesse em conhecer os Cursos de F\u00edsica e o mercado de trabalho para f\u00edsicos.<\/p>\n<\/details>\n\n\n\n<details class=\"wp-block-details is-layout-flow wp-block-details-is-layout-flow\"><summary>Quando ser\u00e1 o evento?<\/summary>\n<p>A Semana da F\u00edsica para o Ensino M\u00e9dio 2025 acontecer\u00e1 entre os dias 28 de julho e 01 de agosto de 2025 no per\u00edodo da tarde (das 14h \u00e0s 18h)<\/p>\n\n\n\n<details class=\"wp-block-details is-layout-flow wp-block-details-is-layout-flow\"><summary>At\u00e9 quando v\u00e3o as inscri\u00e7\u00f5es?<br><\/summary>\n<p>As inscri\u00e7\u00f5es v\u00e3o at\u00e9 o dia 18 de julho. Corra e fa\u00e7a sua inscri\u00e7\u00e3o pois as vagas s\u00e3o limitadas<\/p>\n<\/details>\n<\/details>\n\n\n\n<details class=\"wp-block-details is-layout-flow wp-block-details-is-layout-flow\"><summary>Vou precisar pagar para participar?<\/summary>\n<p>O evento \u00e9 gratuito. N\u00e3o \u00e9 necess\u00e1rio pagar.<\/p>\n<\/details>\n\n\n\n<details class=\"wp-block-details is-layout-flow wp-block-details-is-layout-flow\"><summary>\u00c9 necess\u00e1rio fazer inscri\u00e7\u00e3o? Como fa\u00e7o para me inscrever?<br><\/summary>\n<p>Sim. Para se inscrever \u00e9 necess\u00e1rio entrar no site (Clique na aba &#8220;inscri\u00e7\u00f5es&#8221;) e preencher com seus dados pessoais.<\/p>\n<\/details>\n\n\n\n<details class=\"wp-block-details is-layout-flow wp-block-details-is-layout-flow\"><summary>Onde ser\u00e1 o evento?<\/summary>\n<p>A SEFISEM 2025 acontecer\u00e1 no anfiteatro do CESA e nos laborat\u00f3rios do Departamento de F\u00edsica. Acesse a aba &#8220;como chegar&#8221; para ter informa\u00e7\u00f5es detalhadas dos locais.<\/p>\n<\/details>\n\n\n\n<details class=\"wp-block-details is-layout-flow wp-block-details-is-layout-flow\"><summary>Haver\u00e1 certificado de participa\u00e7\u00e3o?<\/summary>\n<p>Sim, o evento vai emitir um certificado de participa\u00e7\u00e3o para todos que participarem de, pelo menos, 75% das atividades. Os certificado s\u00e3o gratuitos.<\/p>\n<\/details>\n\n\n\n<details class=\"wp-block-details is-layout-flow wp-block-details-is-layout-flow\"><summary>At\u00e9 quando posso me inscrever?<br><\/summary>\n<p>As inscri\u00e7\u00f5es v\u00e3o at\u00e9 o dia 18\/07\/2025, \u00e0s 23h59min, ou at\u00e9 as vagas se esgotarem.<\/p>\n\n\n\n<details class=\"wp-block-details is-layout-flow wp-block-details-is-layout-flow\"><summary>Qual ser\u00e1 a programa\u00e7\u00e3o do evento?<\/summary>\n<p>A programa\u00e7\u00e3o vai incluir palestras de diversas \u00e1reas de atua\u00e7\u00e3o da F\u00edsica, visitas aos laborat\u00f3rios do Departamento de F\u00edsica e muito mais.<\/p>\n<\/details>\n<\/details>\n\n\n\n<details class=\"wp-block-details is-layout-flow wp-block-details-is-layout-flow\"><summary>\u00c9 necess\u00e1rio assistir a todos os dias para receber o certificado?<br><\/summary>\n<p>Para receber o certificado \u00e9 necess\u00e1rio estar presente em 75% do evento.<\/p>\n<\/details>\n\n\n\n<details class=\"wp-block-details is-layout-flow wp-block-details-is-layout-flow\"><summary>Como receberei meu certificado?<br><\/summary>\n<p>Os certificados ser\u00e3o confeccionados ap\u00f3s o encerramento do evento e estar\u00e3o dispon\u00edveis na aba &#8220;Certificados&#8221; presente no site do evento<\/p>\n<\/details>\n\n\n\n<details class=\"wp-block-details is-layout-flow wp-block-details-is-layout-flow\"><summary>Haver\u00e1 int\u00e9rprete de Libras ou acessibilidade?<br><\/summary>\n<p>Infelizmente o evento n\u00e3o ter\u00e1 int\u00e9rprete de Libras. J\u00e1 os espa\u00e7os que receber\u00e3o o evento possuem acessibilidade para pessoas com mobilidade reduzida.<\/p>\n<\/details>\n\n\n\n<details class=\"wp-block-details is-layout-flow wp-block-details-is-layout-flow\"><summary>\u00c9 permitido tirar fotos e gravar durante o evento?<br><\/summary>\n<p>Sim,&nbsp;\u00e9&nbsp;pemitido e voc\u00ea pode inclusive usar #sefisemuel2025.<\/p>\n<\/details>\n","protected":false},"excerpt":{"rendered":"","protected":false},"author":8,"featured_media":0,"parent":0,"menu_order":0,"comment_status":"closed","ping_status":"closed","template":"","meta":{"_acf_changed":false,"footnotes":""},"class_list":["post-92","page","type-page","status-publish","hentry"],"acf":[],"_links":{"self":[{"href":"https:\/\/eventos.uel.br\/sefisem\/wp-json\/wp\/v2\/pages\/92","targetHints":{"allow":["GET"]}}],"collection":[{"href":"https:\/\/eventos.uel.br\/sefisem\/wp-json\/wp\/v2\/pages"}],"about":[{"href":"https:\/\/eventos.uel.br\/sefisem\/wp-json\/wp\/v2\/types\/page"}],"author":[{"embeddable":true,"href":"https:\/\/eventos.uel.br\/sefisem\/wp-json\/wp\/v2\/users\/8"}],"replies":[{"embeddable":true,"href":"https:\/\/eventos.uel.br\/sefisem\/wp-json\/wp\/v2\/comments?post=92"}],"version-history":[{"count":11,"href":"https:\/\/eventos.uel.br\/sefisem\/wp-json\/wp\/v2\/pages\/92\/revisions"}],"predecessor-version":[{"id":225,"href":"https:\/\/eventos.uel.br\/sefisem\/wp-json\/wp\/v2\/pages\/92\/revisions\/225"}],"wp:attachment":[{"href":"https:\/\/eventos.uel.br\/sefisem\/wp-json\/wp\/v2\/media?parent=92"}],"curies":[{"name":"wp","href":"https:\/\/api.w.org\/{rel}","templated":true}]}}