{"id":61,"date":"2025-06-23T13:29:19","date_gmt":"2025-06-23T16:29:19","guid":{"rendered":"https:\/\/eventos.uel.br\/sefisem\/?page_id=61"},"modified":"2025-07-24T12:38:58","modified_gmt":"2025-07-24T15:38:58","slug":"como-chegar","status":"publish","type":"page","link":"https:\/\/eventos.uel.br\/sefisem\/como-chegar\/","title":{"rendered":"Como chegar"},"content":{"rendered":"\n<div class=\"wp-block-media-text is-stacked-on-mobile\" style=\"grid-template-columns:38% auto\"><figure class=\"wp-block-media-text__media\"><img loading=\"lazy\" decoding=\"async\" width=\"1024\" height=\"576\" src=\"https:\/\/eventos.uel.br\/sefisem\/wp-content\/uploads\/2025\/06\/campus-uel-aerea-1024x576-1.jpeg\" alt=\"\" class=\"wp-image-151 size-full\" srcset=\"https:\/\/eventos.uel.br\/sefisem\/wp-content\/uploads\/2025\/06\/campus-uel-aerea-1024x576-1.jpeg 1024w, https:\/\/eventos.uel.br\/sefisem\/wp-content\/uploads\/2025\/06\/campus-uel-aerea-1024x576-1-300x169.jpeg 300w, https:\/\/eventos.uel.br\/sefisem\/wp-content\/uploads\/2025\/06\/campus-uel-aerea-1024x576-1-768x432.jpeg 768w\" sizes=\"auto, (max-width: 1024px) 100vw, 1024px\" \/><\/figure><div class=\"wp-block-media-text__content\">\n<p class=\"has-text-align-left\">A SEFIS-EM acontecer\u00e1 no campus da UEL. <strong>Clique no mapa<\/strong> abaixo para ter a localiza\u00e7\u00e3o do Departamento de F\u00edsica.<br><\/p>\n<\/div><\/div>\n\n\n\n<p>A Empresa de Transporte Coletivo Grande Londrina possui quatro linhas de \u00f4nibus que atendem o Campus. As linhas 304, 305 e 307, com sa\u00edda do Terminal Urbano, ligam o centro da cidade ao Campus. A linha 904 que faz o trajeto Conjunto S\u00e3o louren\u00e7o\/Jardim Sabar\u00e1 (interbairros Zona Sul), passa pelo Campus. Existe ainda a linha Camb\u00e9\/Shopping Catua\u00ed que sai do centro de Camb\u00e9, passa pelo Campus, com ponto final no Shopping Catua\u00ed.<\/p>\n\n\n\n<p>Outras informa\u00e7\u00f5es de interesse poder\u00e3o ser obtidas por meio do&nbsp;site:&nbsp;<a href=\"https:\/\/www.tcgrandelondrina.com.br\/\" target=\"_blank\" rel=\"noreferrer noopener\">https:\/\/www.tcgrandelondrina.com.br<\/a>.<\/p>\n\n\n\n<h2 class=\"wp-block-heading\">Departamento de F\u00edsica &#8211; Palestras e atividades pr\u00e1ticas<\/h2>\n\n\n<div class=\"wp-block-image\">\n<figure class=\"aligncenter size-large is-resized\"><a href=\"https:\/\/maps.app.goo.gl\/2QaJvbVd37T7xnm7A\"><img loading=\"lazy\" decoding=\"async\" width=\"1024\" height=\"482\" src=\"https:\/\/eventos.uel.br\/sefisem\/wp-content\/uploads\/2025\/06\/2-1-1024x482.png\" alt=\"\" class=\"wp-image-150\" style=\"width:748px;height:auto\" srcset=\"https:\/\/eventos.uel.br\/sefisem\/wp-content\/uploads\/2025\/06\/2-1-1024x482.png 1024w, https:\/\/eventos.uel.br\/sefisem\/wp-content\/uploads\/2025\/06\/2-1-300x141.png 300w, https:\/\/eventos.uel.br\/sefisem\/wp-content\/uploads\/2025\/06\/2-1-768x362.png 768w, https:\/\/eventos.uel.br\/sefisem\/wp-content\/uploads\/2025\/06\/2-1-1536x724.png 1536w, https:\/\/eventos.uel.br\/sefisem\/wp-content\/uploads\/2025\/06\/2-1-2048x965.png 2048w\" sizes=\"auto, (max-width: 1024px) 100vw, 1024px\" \/><\/a><\/figure>\n<\/div>","protected":false},"excerpt":{"rendered":"<p>A SEFIS-EM acontecer\u00e1 no campus da UEL. Clique no mapa abaixo para ter a localiza\u00e7\u00e3o do Departamento de F\u00edsica. A Empresa de Transporte Coletivo Grande Londrina possui quatro linhas de \u00f4nibus que atendem o Campus. As linhas 304, 305 e 307, com sa\u00edda do Terminal Urbano, ligam o centro da cidade ao Campus. A linha [&hellip;]<\/p>\n","protected":false},"author":8,"featured_media":147,"parent":0,"menu_order":0,"comment_status":"closed","ping_status":"closed","template":"","meta":{"_acf_changed":false,"footnotes":""},"class_list":["post-61","page","type-page","status-publish","has-post-thumbnail","hentry"],"acf":[],"_links":{"self":[{"href":"https:\/\/eventos.uel.br\/sefisem\/wp-json\/wp\/v2\/pages\/61","targetHints":{"allow":["GET"]}}],"collection":[{"href":"https:\/\/eventos.uel.br\/sefisem\/wp-json\/wp\/v2\/pages"}],"about":[{"href":"https:\/\/eventos.uel.br\/sefisem\/wp-json\/wp\/v2\/types\/page"}],"author":[{"embeddable":true,"href":"https:\/\/eventos.uel.br\/sefisem\/wp-json\/wp\/v2\/users\/8"}],"replies":[{"embeddable":true,"href":"https:\/\/eventos.uel.br\/sefisem\/wp-json\/wp\/v2\/comments?post=61"}],"version-history":[{"count":17,"href":"https:\/\/eventos.uel.br\/sefisem\/wp-json\/wp\/v2\/pages\/61\/revisions"}],"predecessor-version":[{"id":313,"href":"https:\/\/eventos.uel.br\/sefisem\/wp-json\/wp\/v2\/pages\/61\/revisions\/313"}],"wp:featuredmedia":[{"embeddable":true,"href":"https:\/\/eventos.uel.br\/sefisem\/wp-json\/wp\/v2\/media\/147"}],"wp:attachment":[{"href":"https:\/\/eventos.uel.br\/sefisem\/wp-json\/wp\/v2\/media?parent=61"}],"curies":[{"name":"wp","href":"https:\/\/api.w.org\/{rel}","templated":true}]}}