{"id":45,"date":"2025-06-23T13:23:47","date_gmt":"2025-06-23T16:23:47","guid":{"rendered":"https:\/\/eventos.uel.br\/sefisem\/?page_id=45"},"modified":"2025-07-22T12:12:01","modified_gmt":"2025-07-22T15:12:01","slug":"programacao","status":"publish","type":"page","link":"https:\/\/eventos.uel.br\/sefisem\/programacao\/","title":{"rendered":"Programa\u00e7\u00e3o"},"content":{"rendered":"\n<div class=\"wp-block-buttons is-content-justification-center is-layout-flex wp-container-core-buttons-is-layout-16018d1d wp-block-buttons-is-layout-flex\">\n<div class=\"wp-block-button has-custom-width wp-block-button__width-50 is-style-fill\"><a class=\"wp-block-button__link has-cinza-claro-color has-verde-escuro-background-color has-text-color has-background has-link-color wp-element-button\">Segunda-feira &#8211; 28 de julho<\/a><\/div>\n<\/div>\n\n\n\n<figure class=\"wp-block-table is-style-stripes\"><table class=\"has-fixed-layout\"><tbody><tr><td>13h &#8211; 14h15<\/td><td>Recep\u00e7\u00e3o<\/td><td><\/td><\/tr><tr><td>14h15<\/td><td>Abertura\/Cursos de F\u00edsica na UEL<\/td><td>Chefe de Departamento<br>Coordenador do Colegiado<\/td><\/tr><tr><td>15h15<\/td><td>Radioatividade em amostras ambientais<\/td><td><strong>Dr. Avacir Andrello<\/strong> &#8211; UEL<\/td><\/tr><tr><td>16h15 &#8211; 16h45<\/td><td>Intervalo<\/td><td><\/td><\/tr><tr><td>16h45<\/td><td>A detec\u00e7\u00e3o de exoplanetas e a procura por vida em outros mundos<\/td><td><strong>Dr. Gustavo Iachel <\/strong>&#8211; UEL<\/td><\/tr><\/tbody><\/table><\/figure>\n\n\n\n<div class=\"wp-block-buttons is-content-justification-center is-layout-flex wp-container-core-buttons-is-layout-16018d1d wp-block-buttons-is-layout-flex\">\n<div class=\"wp-block-button has-custom-width wp-block-button__width-50\"><a class=\"wp-block-button__link has-cinza-claro-color has-laranja-destaque-background-color has-text-color has-background has-link-color wp-element-button\">Ter\u00e7a-feira &#8211; 29 de julho<\/a><\/div>\n<\/div>\n\n\n\n<figure class=\"wp-block-table is-style-stripes\"><table class=\"has-fixed-layout\"><tbody><tr><td>14h<\/td><td>Atividades experimentais<\/td><td>Lab. de F\u00edsica Nuclear Aplicada<br>Lab. de \u00d3ptica e Optoeletr\u00f4nica<\/td><\/tr><tr><td>15h15<\/td><td>Atividades experimentais<\/td><td>Lab. de F\u00edsica Nuclear Aplicada<br>Lab. de \u00d3ptica e Optoeletr\u00f4nica<\/td><\/tr><tr><td>16h15 &#8211; 16h45<\/td><td>Intervalo<\/td><td><\/td><\/tr><tr><td>16h45<\/td><td>Atividades experimentais<\/td><td>Lab. de F\u00edsica Nuclear Aplicada<br>Lab. de \u00d3ptica e Optoeletr\u00f4nica<\/td><\/tr><\/tbody><\/table><\/figure>\n\n\n\n<div class=\"wp-block-buttons is-content-justification-center is-layout-flex wp-container-core-buttons-is-layout-16018d1d wp-block-buttons-is-layout-flex\">\n<div class=\"wp-block-button has-custom-width wp-block-button__width-50\"><a class=\"wp-block-button__link has-cinza-claro-color has-verde-escuro-background-color has-text-color has-background has-link-color wp-element-button\">Quarta-feira &#8211; 30 de julho<\/a><\/div>\n<\/div>\n\n\n\n<figure class=\"wp-block-table is-style-stripes\"><table class=\"has-fixed-layout\"><tbody><tr><td>14h<\/td><td>A F\u00edsica na Pol\u00edcia Cient\u00edfica<\/td><td><strong>Luciano Gardano Elias Bucharles<\/strong> &#8211; <br>Chefe da UETC de Londrina<br>Pol\u00edcia Cient\u00edfica&nbsp;do&nbsp;Paran\u00e1<\/td><\/tr><tr><td>15h15<\/td><td>O F\u00edsico e a Sala de Aula<\/td><td><strong>Prof. Dr. Marcus Vinicius Piratello<\/strong> &#8211; UEL<\/td><\/tr><tr><td>16h15 &#8211; 16h45<\/td><td>Intervalo<\/td><td><\/td><\/tr><tr><td>16h45<\/td><td>Modelando Realidades: O Papel do F\u00edsico na Revolu\u00e7\u00e3o dos Dados<\/td><td><strong>Gabriel Souza<\/strong> &#8211; F\u00edsico &#8211; Especialista em IA para Ind\u00fastria \u2014 L\u00edder Eq. Modelagem IA<\/td><\/tr><\/tbody><\/table><\/figure>\n\n\n\n<div class=\"wp-block-buttons is-content-justification-center is-layout-flex wp-container-core-buttons-is-layout-16018d1d wp-block-buttons-is-layout-flex\">\n<div class=\"wp-block-button has-custom-width wp-block-button__width-50\"><a class=\"wp-block-button__link has-cinza-claro-color has-laranja-destaque-background-color has-text-color has-background has-link-color wp-element-button\">Quinta-feira &#8211; 31 de julho<\/a><\/div>\n<\/div>\n\n\n\n<figure class=\"wp-block-table is-style-stripes\"><table class=\"has-fixed-layout\"><tbody><tr><td>14h<\/td><td>Atividades experimentais<\/td><td>Lab. de F\u00edsica Nuclear Aplicada<br>Lab. de \u00d3ptica e Optoeletr\u00f4nica<\/td><\/tr><tr><td>15h15<\/td><td>Atividades experimentais<\/td><td>Lab. de F\u00edsica Nuclear Aplicada<br>Lab. de \u00d3ptica e Optoeletr\u00f4nica<\/td><\/tr><tr><td>16h15 &#8211; 16h45<\/td><td>Intervalo<\/td><td><\/td><\/tr><tr><td>16h45<\/td><td>Baterias de \u00edons de l\u00edtio e os carros el\u00e9tricos<\/td><td><strong>Dr. Alexandre Urbano<\/strong> &#8211; UEL<\/td><\/tr><\/tbody><\/table><\/figure>\n\n\n\n<div class=\"wp-block-buttons is-content-justification-center is-layout-flex wp-container-core-buttons-is-layout-16018d1d wp-block-buttons-is-layout-flex\">\n<div class=\"wp-block-button has-custom-width wp-block-button__width-50\"><a class=\"wp-block-button__link has-cinza-claro-color has-verde-escuro-background-color has-text-color has-background has-link-color wp-element-button\">Sexta-feira &#8211; 01 de agosto<\/a><\/div>\n<\/div>\n\n\n\n<figure class=\"wp-block-table is-style-stripes\"><table class=\"has-fixed-layout\"><tbody><tr><td>14h<\/td><td>Atua\u00e7\u00e3o do F\u00edsico M\u00e9dico no Mercado de&nbsp;Trabalho<\/td><td><strong>Me. Alisson Henrique dal Col <\/strong>&#8211; F\u00edsico M\u00e9dico da Radioterapia &#8211; Hospital S\u00e3o Vicente de Paulo de&nbsp;Guarapuava,&nbsp;PR<\/td><\/tr><tr><td>15h15<\/td><td>O f\u00edsico como pesquisador<\/td><td><strong>Me. Jo\u00e3o Marcos Favaro Lopes<\/strong> &#8211; doutorando em F\u00edsica UEL com doutorado sandu\u00edche na Ag\u00eancia Internacional de Energia At\u00f4mica &#8211; \u00c1ustria<\/td><\/tr><tr><td>16h15 &#8211; 16h45<\/td><td>Intervalo<\/td><td><\/td><\/tr><tr><td>16h45<\/td><td>Encerramento<\/td><td><\/td><\/tr><\/tbody><\/table><\/figure>\n\n\n\n<div class=\"wp-block-buttons is-layout-flex wp-block-buttons-is-layout-flex\">\n<div class=\"wp-block-button\"><a class=\"wp-block-button__link has-cinza-claro-color has-verde-escuro-background-color has-text-color has-background has-link-color wp-element-button\">Anfiteatro do CESA<\/a><\/div>\n\n\n\n<div class=\"wp-block-button\"><a class=\"wp-block-button__link has-cinza-claro-color has-laranja-destaque-background-color has-text-color has-background has-link-color wp-element-button\">Departamento de F\u00edsica<\/a><\/div>\n<\/div>\n\n\n\n<p><\/p>\n","protected":false},"excerpt":{"rendered":"<p>13h &#8211; 14h15 Recep\u00e7\u00e3o 14h15 Abertura\/Cursos de F\u00edsica na UEL Chefe de DepartamentoCoordenador do Colegiado 15h15 Radioatividade em amostras ambientais Dr. Avacir Andrello &#8211; UEL 16h15 &#8211; 16h45 Intervalo 16h45 A detec\u00e7\u00e3o de exoplanetas e a procura por vida em outros mundos Dr. Gustavo Iachel &#8211; UEL 14h Atividades experimentais Lab. de F\u00edsica Nuclear AplicadaLab. [&hellip;]<\/p>\n","protected":false},"author":8,"featured_media":0,"parent":0,"menu_order":0,"comment_status":"closed","ping_status":"closed","template":"","meta":{"_acf_changed":false,"footnotes":""},"class_list":["post-45","page","type-page","status-publish","hentry"],"acf":[],"_links":{"self":[{"href":"https:\/\/eventos.uel.br\/sefisem\/wp-json\/wp\/v2\/pages\/45","targetHints":{"allow":["GET"]}}],"collection":[{"href":"https:\/\/eventos.uel.br\/sefisem\/wp-json\/wp\/v2\/pages"}],"about":[{"href":"https:\/\/eventos.uel.br\/sefisem\/wp-json\/wp\/v2\/types\/page"}],"author":[{"embeddable":true,"href":"https:\/\/eventos.uel.br\/sefisem\/wp-json\/wp\/v2\/users\/8"}],"replies":[{"embeddable":true,"href":"https:\/\/eventos.uel.br\/sefisem\/wp-json\/wp\/v2\/comments?post=45"}],"version-history":[{"count":23,"href":"https:\/\/eventos.uel.br\/sefisem\/wp-json\/wp\/v2\/pages\/45\/revisions"}],"predecessor-version":[{"id":314,"href":"https:\/\/eventos.uel.br\/sefisem\/wp-json\/wp\/v2\/pages\/45\/revisions\/314"}],"wp:attachment":[{"href":"https:\/\/eventos.uel.br\/sefisem\/wp-json\/wp\/v2\/media?parent=45"}],"curies":[{"name":"wp","href":"https:\/\/api.w.org\/{rel}","templated":true}]}}