{"id":44,"date":"2025-06-23T13:23:47","date_gmt":"2025-06-23T16:23:47","guid":{"rendered":"https:\/\/eventos.uel.br\/sefisem\/?page_id=44"},"modified":"2025-06-24T13:46:54","modified_gmt":"2025-06-24T16:46:54","slug":"inscricoes","status":"publish","type":"page","link":"https:\/\/eventos.uel.br\/sefisem\/inscricoes\/","title":{"rendered":"Inscri\u00e7\u00f5es"},"content":{"rendered":"\n<p>As inscri\u00e7\u00f5es para a Semana da F\u00edsica para o Ensino M\u00e9dio s\u00e3o gratuitas e poder\u00e3o ser realizadas entre at\u00e9 o dia 18 de julho de 2025!<\/p>\n\n\n\n<div class=\"wp-block-columns is-layout-flex wp-container-core-columns-is-layout-9d6595d7 wp-block-columns-is-layout-flex\">\n<div class=\"wp-block-column is-layout-flow wp-block-column-is-layout-flow\">\n<p class=\"has-text-align-center\">INSCRI\u00c7\u00d5ES GRATUITAS<\/p>\n<\/div>\n\n\n\n<div class=\"wp-block-column is-layout-flow wp-block-column-is-layout-flow\">\n<p class=\"has-text-align-center\">VAGAS LIMITADAS<\/p>\n<\/div>\n<\/div>\n\n\n\n<div class=\"wp-block-columns is-layout-flex wp-container-core-columns-is-layout-9d6595d7 wp-block-columns-is-layout-flex\">\n<div class=\"wp-block-column is-layout-flow wp-block-column-is-layout-flow\" style=\"flex-basis:100%\">\n<div class=\"wp-block-buttons is-content-justification-center is-layout-flex wp-container-core-buttons-is-layout-16018d1d wp-block-buttons-is-layout-flex\">\n<div class=\"wp-block-button has-custom-width wp-block-button__width-50\"><a class=\"wp-block-button__link has-cinza-claro-color has-verde-background-color has-text-color has-background has-link-color has-medium-font-size has-text-align-center has-custom-font-size wp-element-button\" href=\"https:\/\/www.sistemasweb.uel.br\/index.php?contents=system\/insc\/index.php&amp;pagina=view\/inscricoes\/seleciona_evento.php&amp;cod_evento=10494\" style=\"border-radius:100px\">CLIQUE AQUI E FA\u00c7A SUA INSCRI\u00c7\u00c3O<\/a><\/div>\n<\/div>\n<\/div>\n<\/div>\n\n\n\n<p><\/p>\n","protected":false},"excerpt":{"rendered":"<p>As inscri\u00e7\u00f5es para a Semana da F\u00edsica para o Ensino M\u00e9dio s\u00e3o gratuitas e poder\u00e3o ser realizadas entre at\u00e9 o dia 18 de julho de 2025! INSCRI\u00c7\u00d5ES GRATUITAS VAGAS LIMITADAS<\/p>\n","protected":false},"author":8,"featured_media":0,"parent":0,"menu_order":0,"comment_status":"closed","ping_status":"closed","template":"","meta":{"_acf_changed":false,"footnotes":""},"class_list":["post-44","page","type-page","status-publish","hentry"],"acf":[],"_links":{"self":[{"href":"https:\/\/eventos.uel.br\/sefisem\/wp-json\/wp\/v2\/pages\/44","targetHints":{"allow":["GET"]}}],"collection":[{"href":"https:\/\/eventos.uel.br\/sefisem\/wp-json\/wp\/v2\/pages"}],"about":[{"href":"https:\/\/eventos.uel.br\/sefisem\/wp-json\/wp\/v2\/types\/page"}],"author":[{"embeddable":true,"href":"https:\/\/eventos.uel.br\/sefisem\/wp-json\/wp\/v2\/users\/8"}],"replies":[{"embeddable":true,"href":"https:\/\/eventos.uel.br\/sefisem\/wp-json\/wp\/v2\/comments?post=44"}],"version-history":[{"count":7,"href":"https:\/\/eventos.uel.br\/sefisem\/wp-json\/wp\/v2\/pages\/44\/revisions"}],"predecessor-version":[{"id":227,"href":"https:\/\/eventos.uel.br\/sefisem\/wp-json\/wp\/v2\/pages\/44\/revisions\/227"}],"wp:attachment":[{"href":"https:\/\/eventos.uel.br\/sefisem\/wp-json\/wp\/v2\/media?parent=44"}],"curies":[{"name":"wp","href":"https:\/\/api.w.org\/{rel}","templated":true}]}}