{"id":43,"date":"2025-06-23T13:23:47","date_gmt":"2025-06-23T16:23:47","guid":{"rendered":"https:\/\/eventos.uel.br\/sefisem\/?page_id=43"},"modified":"2025-06-24T10:41:31","modified_gmt":"2025-06-24T13:41:31","slug":"sobre-o-evento-3","status":"publish","type":"page","link":"https:\/\/eventos.uel.br\/sefisem\/sobre-o-evento-3\/","title":{"rendered":"Sobre o evento"},"content":{"rendered":"\n<p>Entre os dias&nbsp;<strong>28 de julho e 1\u00ba de agosto de 2025<\/strong>, a Universidade Estadual de Londrina abrir\u00e1 suas portas para a&nbsp;<strong>Semana da F\u00edsica para o Ensino M\u00e9dio 2025<\/strong>, um evento voltado para estudantes do ensino m\u00e9dio, com o objetivo de aproxim\u00e1-los do universo da F\u00edsica.&nbsp;<\/p>\n\n\n\n<p>Ao longo da semana, os alunos poder\u00e3o participar de uma&nbsp;<strong>programa\u00e7\u00e3o com palestras e atividades pr\u00e1ticas,  atividades interativas e visitas aos laborat\u00f3rios de F\u00edsica<\/strong>. Al\u00e9m disso, ter\u00e3o a oportunidade de conversar com profissionais da \u00e1rea, entender como funciona a gradua\u00e7\u00e3o e p\u00f3s-gradua\u00e7\u00e3o em F\u00edsica, e descobrir as diversas possibilidades que a F\u00edsica oferece para o futuro profissional.<\/p>\n\n\n\n<p>Entenda como a gradua\u00e7\u00e3o prepara os f\u00edsicos para resolver problemas complexos, interpretar dados e desenvolver solu\u00e7\u00f5es criativas em diversas \u00e1reas e como esses profissionais t\u00eam sido cada vez mais requisitados em outros setores como&nbsp;<strong>tecnologia, inova\u00e7\u00e3o, ensino, pesquisa e desenvolvimento cient\u00edfico<\/strong><strong>.<\/strong><\/p>\n\n\n\n<p>O evento \u00e9&nbsp;<strong>gratuito<\/strong>, e os participantes ter\u00e3o direito a&nbsp;<strong>certificado de participa\u00e7\u00e3o<\/strong><strong>.<\/strong><\/p>\n\n\n\n<p>Venha descobrir que o curso de F\u00edsica vai muito al\u00e9m da sala de aula e amplie suas possibilidades para o futuro!<\/p>\n","protected":false},"excerpt":{"rendered":"<p>Entre os dias&nbsp;28 de julho e 1\u00ba de agosto de 2025, a Universidade Estadual de Londrina abrir\u00e1 suas portas para a&nbsp;Semana da F\u00edsica para o Ensino M\u00e9dio 2025, um evento voltado para estudantes do ensino m\u00e9dio, com o objetivo de aproxim\u00e1-los do universo da F\u00edsica.&nbsp; Ao longo da semana, os alunos poder\u00e3o participar de uma&nbsp;programa\u00e7\u00e3o [&hellip;]<\/p>\n","protected":false},"author":8,"featured_media":0,"parent":0,"menu_order":0,"comment_status":"closed","ping_status":"closed","template":"","meta":{"_acf_changed":false,"footnotes":""},"class_list":["post-43","page","type-page","status-publish","hentry"],"acf":[],"_links":{"self":[{"href":"https:\/\/eventos.uel.br\/sefisem\/wp-json\/wp\/v2\/pages\/43","targetHints":{"allow":["GET"]}}],"collection":[{"href":"https:\/\/eventos.uel.br\/sefisem\/wp-json\/wp\/v2\/pages"}],"about":[{"href":"https:\/\/eventos.uel.br\/sefisem\/wp-json\/wp\/v2\/types\/page"}],"author":[{"embeddable":true,"href":"https:\/\/eventos.uel.br\/sefisem\/wp-json\/wp\/v2\/users\/8"}],"replies":[{"embeddable":true,"href":"https:\/\/eventos.uel.br\/sefisem\/wp-json\/wp\/v2\/comments?post=43"}],"version-history":[{"count":3,"href":"https:\/\/eventos.uel.br\/sefisem\/wp-json\/wp\/v2\/pages\/43\/revisions"}],"predecessor-version":[{"id":177,"href":"https:\/\/eventos.uel.br\/sefisem\/wp-json\/wp\/v2\/pages\/43\/revisions\/177"}],"wp:attachment":[{"href":"https:\/\/eventos.uel.br\/sefisem\/wp-json\/wp\/v2\/media?parent=43"}],"curies":[{"name":"wp","href":"https:\/\/api.w.org\/{rel}","templated":true}]}}