{"id":483,"date":"2025-09-23T17:44:24","date_gmt":"2025-09-23T20:44:24","guid":{"rendered":"https:\/\/eventos.uel.br\/mwpde\/?page_id=483"},"modified":"2026-02-25T08:35:19","modified_gmt":"2026-02-25T11:35:19","slug":"inscricoes","status":"publish","type":"page","link":"https:\/\/eventos.uel.br\/mwpde\/inscricoes\/","title":{"rendered":"Inscri\u00e7\u00f5es"},"content":{"rendered":"\n<hr class=\"wp-block-separator has-text-color has-verde-escuro-color has-alpha-channel-opacity has-verde-escuro-background-color has-background is-style-wide\" \/>\n\n\n\n<p><strong>Informa\u00e7\u00e3o:<\/strong> Para se inscrever no MWPDE \u00e9 necess\u00e1rio clicar no link abaixo e prosseguir com sua inscri\u00e7\u00e3o conforme o roteiro indicado:<\/p>\n\n\n\n<ul class=\"wp-block-list\">\n<li>Informar a modalidade de inscri\u00e7\u00e3o (Participante ou Apresenta\u00e7\u00e3o de Trabalho);<\/li>\n\n\n\n<li>Em seguida, preencher os dados solicitados;<\/li>\n\n\n\n<li>Clicar para enviar o t\u00edtulo do seu trabalho (se for o caso);<\/li>\n\n\n\n<li>Gerar o boleto e efetuar o pagamento.<\/li>\n<\/ul>\n\n\n\n<p><strong>Per\u00edodo de Inscri\u00e7\u00f5es:<\/strong> De 01\/10\/2025 a 25\/02\/2026. Ap\u00f3s 31\/01\/2026, s\u00f3 ser\u00e1 poss\u00edvel efetuar inscri\u00e7\u00f5es como participante.<\/p>\n\n\n\n<p><strong>Taxa: <\/strong>Pre\u00e7o \u00fanico de R$ 50,00, independente da modalidade das inscri\u00e7\u00f5es.<\/p>\n\n\n\n<p><strong>Clique abaixo para realizar sua inscri\u00e7\u00e3o<\/strong><\/p>\n\n\n\n<a href=\"https:\/\/www.sistemasweb.uel.br\/index.php?contents=system\/insc\/index.php&amp;pagina=view\/inscricoes\/seleciona_evento.php&amp;cod_evento=11204\" target=\"_blank\" style=\"display:inline-block;padding:14px 28px;font-size:18px;font-weight:bold;color:#fff;background-color:#28a745;border-radius:8px;text-decoration:none\">\n    \u270d\ufe0f Inscri\u00e7\u00f5es\n<\/a>\n\n\n\n<p><\/p>\n\n\n\n<p>Em caso de d\u00favidas sobre as inscri\u00e7\u00f5es, envie uma mensagem para:<strong> <\/strong>mwpde@uel.br.<\/p>\n\n\n\n<hr class=\"wp-block-separator has-text-color has-verde-escuro-color has-alpha-channel-opacity has-verde-escuro-background-color has-background is-style-wide\" \/>\n\n\n\n<p class=\"has-verde-escuro-color has-text-color has-link-color has-medium-font-size wp-elements-8625ae306415937ef02be5996662223b\"><strong>Lista de Participantes no MWPDE<\/strong><\/p>\n\n\n\n<p>Abaixo segue a lista de participantes no MWPDE conforme as inscri\u00e7\u00f5es forem processadas pelo sistema, podendo levar alguns dias para o registro.  <\/p>\n\n\n\n<ol class=\"wp-block-list\">\n<li>Arthur Henrique Caixeta &#8211; Universidade Estadual de Londrina<\/li>\n\n\n\n<li>Marcio Antonio Jorge da Silva &#8211; Universidade Estadual de Londrina<\/li>\n\n\n\n<li>Eduardo Henrique Gomes Tavares &#8211; Dongguan University of Technology&nbsp;<\/li>\n\n\n\n<li>Pedro Roberto de Lima &#8211; Universidade Federal Rural do Rio de Janeiro<\/li>\n\n\n\n<li>\u00c2ngelo Guimar\u00e3es &#8211; Universidade Estadual de Goi\u00e1s<\/li>\n\n\n\n<li>Bruna Tha\u00eds Silva Sozzo &#8211; Universidade Tecnol\u00f3gica Federal do Paran\u00e1<\/li>\n\n\n\n<li>Carlos Roberto Takaessu Jr. &#8211; Universidade Federal de S\u00e3o Carlos<\/li>\n\n\n\n<li>Rodrigo Nunes Monteiro &#8211; Universidade Estadual de Londrina<\/li>\n\n\n\n<li>Leonel Giacomini Delatorre &#8211; Universidade Federal de Santa Maria<\/li>\n\n\n\n<li>Vando Narciso &#8211; Universidade Estadual do Mato Grosso do Sul<\/li>\n\n\n\n<li>Maykel Boldrin Belluzi &#8211; Universidade Federal de S\u00e3o Carlos<\/li>\n\n\n\n<li>Alberto Sancho No\u00e9 &#8211; Universidade Federal do Amazonas<\/li>\n\n\n\n<li>Beatriz Signori Lonardoni &#8211; Universidade Estadual de Maring\u00e1<\/li>\n\n\n\n<li>Gabriel Eduardo Bittencourt Moraes &#8211; Universidade Estadual de Londrina<\/li>\n\n\n\n<li>Franchesca Lemos Cappellesso &#8211; Universidade de Bras\u00edlia<\/li>\n\n\n\n<li>Rafael Gabardo da Camara &#8211; Universidade Estadual de Londrina<\/li>\n\n\n\n<li>Paulo Fernando Mercadante Damazio &#8211; Universidade Estadual de Maring\u00e1<\/li>\n\n\n\n<li>Nathalia Alvares &#8211; Universidade Estadual de Londrina<\/li>\n\n\n\n<li>Isabela Caroline de Paula &#8211; Universidade Estadual de Londrina<\/li>\n\n\n\n<li>Wellington Jos\u00e9 Corr\u00eaa &#8211; Universidade Tecnol\u00f3gica Federal do Paran\u00e1<\/li>\n\n\n\n<li>Alisson Rafael Aguiar Barbosa &#8211;  Universidade Federal de Uberl\u00e2ndia<\/li>\n\n\n\n<li>Leonardo Gustavo Ronchin Alves &#8211; Universidade Estadual de Maring\u00e1<\/li>\n\n\n\n<li>Bianca Morelli Rodolfo Calsavara &#8211; Universidade Estadual de Campinas<\/li>\n\n\n\n<li>Matheus Sadao Susuki &#8211; Universidade Estadual de Londrina<\/li>\n\n\n\n<li>Anderson de Jesus Ara\u00fajo Ramos &#8211; Universidade Federal do Par\u00e1<\/li>\n\n\n\n<li>Monisse Postigo Alves &#8211; Universidade Tecnol\u00f3gica Federal do Paran\u00e1<\/li>\n\n\n\n<li>Mirelson Martins Freitas &#8211; Universidade de Bras\u00edlia<\/li>\n\n\n\n<li>Nicolas Souza Garbossi &#8211; Universidade Estadual de Londrina <\/li>\n\n\n\n<li>Sheyla Silva Marinho Araujo &#8211; Universidade de Bras\u00edlia<\/li>\n\n\n\n<li>Estefani Moraes Moreira &#8211; Universidade de S\u00e3o Paulo<\/li>\n\n\n\n<li>Heraclio Ledgar L\u00f3pez L\u00e1zaro &#8211; Universidade de S\u00e3o Paulo (ICMC-USP)<\/li>\n\n\n\n<li>Gustavo Lopes Perosini &#8211; Universidade de S\u00e3o Paulo (ICMC-USP)<\/li>\n\n\n\n<li>Ma To Fu &#8211; Universidade de Bras\u00edlia<\/li>\n\n\n\n<li>Jackeline Del Carmen Huaccha Neyra &#8211; Universidade Federal de S\u00e3o Paulo<\/li>\n\n\n\n<li>Josiane Alves Coutinho &#8211; Universidade Estadual de Londrina<\/li>\n\n\n\n<li>&nbsp;Fellipe Toffolo de Souza &#8211; Universidade Estadual de Londrina<\/li>\n\n\n\n<li>Jair Sozzo J\u00fanior &#8211; Universidade Estadual de Londrina<\/li>\n\n\n\n<li>Pedro Diegues domenici &#8211; Universidade Estadual de Londrina<\/li>\n\n\n\n<li>Rafael Luiz Ferri Raboni &#8211; Universidade Estadual de Londrina<\/li>\n\n\n\n<li>Guilherme Cardoso Agostinetti- Universidade Estadual de Londrina<\/li>\n\n\n\n<li>Maur\u00edcio Barbosa da Silva &#8211; Universidade Estadual de Londrina<\/li>\n\n\n\n<li>Ta\u00eds Saito Tavares &#8211; Henan Normal University<br><\/li>\n<\/ol>\n\n\n\n<p><\/p>\n","protected":false},"excerpt":{"rendered":"<p>Informa\u00e7\u00e3o: Para se inscrever no MWPDE \u00e9 necess\u00e1rio clicar no link abaixo e prosseguir com sua inscri\u00e7\u00e3o conforme o roteiro indicado: Per\u00edodo de Inscri\u00e7\u00f5es: De 01\/10\/2025 a 25\/02\/2026. Ap\u00f3s 31\/01\/2026, s\u00f3 ser\u00e1 poss\u00edvel efetuar inscri\u00e7\u00f5es como participante. Taxa: Pre\u00e7o \u00fanico de R$ 50,00, independente da modalidade das inscri\u00e7\u00f5es. Clique abaixo para realizar sua inscri\u00e7\u00e3o \u270d\ufe0f [&hellip;]<\/p>\n","protected":false},"author":6,"featured_media":0,"parent":0,"menu_order":0,"comment_status":"closed","ping_status":"closed","template":"","meta":{"_acf_changed":false,"_themeisle_gutenberg_block_has_review":false,"footnotes":""},"class_list":["post-483","page","type-page","status-publish","hentry"],"acf":[],"_links":{"self":[{"href":"https:\/\/eventos.uel.br\/mwpde\/wp-json\/wp\/v2\/pages\/483","targetHints":{"allow":["GET"]}}],"collection":[{"href":"https:\/\/eventos.uel.br\/mwpde\/wp-json\/wp\/v2\/pages"}],"about":[{"href":"https:\/\/eventos.uel.br\/mwpde\/wp-json\/wp\/v2\/types\/page"}],"author":[{"embeddable":true,"href":"https:\/\/eventos.uel.br\/mwpde\/wp-json\/wp\/v2\/users\/6"}],"replies":[{"embeddable":true,"href":"https:\/\/eventos.uel.br\/mwpde\/wp-json\/wp\/v2\/comments?post=483"}],"version-history":[{"count":61,"href":"https:\/\/eventos.uel.br\/mwpde\/wp-json\/wp\/v2\/pages\/483\/revisions"}],"predecessor-version":[{"id":880,"href":"https:\/\/eventos.uel.br\/mwpde\/wp-json\/wp\/v2\/pages\/483\/revisions\/880"}],"wp:attachment":[{"href":"https:\/\/eventos.uel.br\/mwpde\/wp-json\/wp\/v2\/media?parent=483"}],"curies":[{"name":"wp","href":"https:\/\/api.w.org\/{rel}","templated":true}]}}