{"id":17,"date":"2025-01-07T14:52:46","date_gmt":"2025-01-07T17:52:46","guid":{"rendered":"https:\/\/eventos.uel.br\/mostrapsi\/?page_id=17"},"modified":"2025-10-29T16:09:49","modified_gmt":"2025-10-29T19:09:49","slug":"informacoes-e-normas-para-submissao-de-trabalhos","status":"publish","type":"page","link":"https:\/\/eventos.uel.br\/mostrapsi\/informacoes-e-normas-para-submissao-de-trabalhos\/","title":{"rendered":"Normas para trabalhos"},"content":{"rendered":"\n<p>No texto abaixo, est\u00e3o listadas todas as informa\u00e7\u00f5es necess\u00e1rias para a participa\u00e7\u00e3o e apresenta\u00e7\u00e3o de trabalho na Mostra. Acesse o arquivo com seu e-mail @uel e leia com cuidado.<\/p>\n\n\n\n<p><strong>*ATEN\u00c7\u00c3O!<\/strong> <strong>O prazo para submiss\u00e3o dos resumos \u00e9 15\/10<\/strong>!!!<\/p>\n\n\n\n<p><strong><a href=\"https:\/\/docs.google.com\/document\/d\/15-Bl9g1dZai35Am3fsqRJJ9ztk8Qpvm5\/edit\" data-type=\"link\" data-id=\"https:\/\/docs.google.com\/document\/d\/15-Bl9g1dZai35Am3fsqRJJ9ztk8Qpvm5\/edit\">NORMAS PARA SUBMISS\u00c3O DE TRABALHOS<\/a><\/strong><\/p>\n\n\n\n<p>Ap\u00f3s a leitura, estagi\u00e1rio e\/ou orientador permanecem com d\u00favidas sobre como encaixar o est\u00e1gio espec\u00edfico na descri\u00e7\u00e3o das normas? Envie uma mensagem para <strong>coordestagiopsico@uel.br<\/strong> para conversarmos! <\/p>\n","protected":false},"excerpt":{"rendered":"<p>No texto abaixo, est\u00e3o listadas todas as informa\u00e7\u00f5es necess\u00e1rias para a participa\u00e7\u00e3o e apresenta\u00e7\u00e3o de trabalho na Mostra. Acesse o arquivo com seu e-mail @uel e leia com cuidado. *ATEN\u00c7\u00c3O! O prazo para submiss\u00e3o dos resumos \u00e9 15\/10!!! NORMAS PARA SUBMISS\u00c3O DE TRABALHOS Ap\u00f3s a leitura, estagi\u00e1rio e\/ou orientador permanecem com d\u00favidas sobre como encaixar [&hellip;]<\/p>\n","protected":false},"author":8,"featured_media":0,"parent":0,"menu_order":0,"comment_status":"closed","ping_status":"closed","template":"","meta":{"_acf_changed":false,"footnotes":""},"class_list":["post-17","page","type-page","status-publish","hentry"],"acf":[],"_links":{"self":[{"href":"https:\/\/eventos.uel.br\/mostrapsi\/wp-json\/wp\/v2\/pages\/17","targetHints":{"allow":["GET"]}}],"collection":[{"href":"https:\/\/eventos.uel.br\/mostrapsi\/wp-json\/wp\/v2\/pages"}],"about":[{"href":"https:\/\/eventos.uel.br\/mostrapsi\/wp-json\/wp\/v2\/types\/page"}],"author":[{"embeddable":true,"href":"https:\/\/eventos.uel.br\/mostrapsi\/wp-json\/wp\/v2\/users\/8"}],"replies":[{"embeddable":true,"href":"https:\/\/eventos.uel.br\/mostrapsi\/wp-json\/wp\/v2\/comments?post=17"}],"version-history":[{"count":8,"href":"https:\/\/eventos.uel.br\/mostrapsi\/wp-json\/wp\/v2\/pages\/17\/revisions"}],"predecessor-version":[{"id":239,"href":"https:\/\/eventos.uel.br\/mostrapsi\/wp-json\/wp\/v2\/pages\/17\/revisions\/239"}],"wp:attachment":[{"href":"https:\/\/eventos.uel.br\/mostrapsi\/wp-json\/wp\/v2\/media?parent=17"}],"curies":[{"name":"wp","href":"https:\/\/api.w.org\/{rel}","templated":true}]}}