{"id":15,"date":"2025-01-07T14:47:07","date_gmt":"2025-01-07T17:47:07","guid":{"rendered":"https:\/\/eventos.uel.br\/mostrapsi\/?page_id=15"},"modified":"2025-09-08T14:08:42","modified_gmt":"2025-09-08T17:08:42","slug":"template-do-resumo","status":"publish","type":"page","link":"https:\/\/eventos.uel.br\/mostrapsi\/template-do-resumo\/","title":{"rendered":"Template do resumo"},"content":{"rendered":"\n<p>Todos os estagi\u00e1rios da Psicologia UEL (est\u00e1gio b\u00e1sico e espec\u00edfico) dever\u00e3o enviar resumos para apresenta\u00e7\u00e3o na Mostra at\u00e9 15\/10\/2025.<\/p>\n\n\n\n<p>Todos os resumos dever\u00e3o usar o <em>template <\/em>abaixo, contemplando os itens nele descritos e enviar o arquivo preenchido na inscri\u00e7\u00e3o de <strong>um dos autores<\/strong>.<\/p>\n\n\n\n<p class=\"has-text-align-center\"><strong><a href=\"https:\/\/docs.google.com\/document\/d\/1EmPnLsQ_oBb0Peqw-JV5JRBo7-ufGqgr\/edit\" data-type=\"link\" data-id=\"https:\/\/docs.google.com\/document\/d\/1EmPnLsQ_oBb0Peqw-JV5JRBo7-ufGqgr\/edit\">TEMPLATE DO RESUMO<\/a><\/strong><\/p>\n\n\n\n<p>Obs. \u00c9 preciso fazer o download do <em>template <\/em>ou criar uma c\u00f3pia online dele para editar. <\/p>\n\n\n\n<p>Para acesso a todas as informa\u00e7\u00f5es e regras de submiss\u00e3o, clique em &#8220;<a href=\"https:\/\/docs.google.com\/document\/d\/15-Bl9g1dZai35Am3fsqRJJ9ztk8Qpvm5\/edit\" data-type=\"link\" data-id=\"https:\/\/docs.google.com\/document\/d\/15-Bl9g1dZai35Am3fsqRJJ9ztk8Qpvm5\/edit\">Normas de submiss\u00e3o de trabalhos<\/a>&#8220;, acessando o arquivo com seu e-mail @uel.<\/p>\n\n\n\n<p><\/p>\n\n\n\n<p><\/p>\n\n\n\n<p><\/p>\n","protected":false},"excerpt":{"rendered":"<p>Todos os estagi\u00e1rios da Psicologia UEL (est\u00e1gio b\u00e1sico e espec\u00edfico) dever\u00e3o enviar resumos para apresenta\u00e7\u00e3o na Mostra at\u00e9 15\/10\/2025. Todos os resumos dever\u00e3o usar o template abaixo, contemplando os itens nele descritos e enviar o arquivo preenchido na inscri\u00e7\u00e3o de um dos autores. TEMPLATE DO RESUMO Obs. \u00c9 preciso fazer o download do template ou [&hellip;]<\/p>\n","protected":false},"author":8,"featured_media":0,"parent":0,"menu_order":0,"comment_status":"closed","ping_status":"closed","template":"","meta":{"_acf_changed":false,"footnotes":""},"class_list":["post-15","page","type-page","status-publish","hentry"],"acf":[],"_links":{"self":[{"href":"https:\/\/eventos.uel.br\/mostrapsi\/wp-json\/wp\/v2\/pages\/15","targetHints":{"allow":["GET"]}}],"collection":[{"href":"https:\/\/eventos.uel.br\/mostrapsi\/wp-json\/wp\/v2\/pages"}],"about":[{"href":"https:\/\/eventos.uel.br\/mostrapsi\/wp-json\/wp\/v2\/types\/page"}],"author":[{"embeddable":true,"href":"https:\/\/eventos.uel.br\/mostrapsi\/wp-json\/wp\/v2\/users\/8"}],"replies":[{"embeddable":true,"href":"https:\/\/eventos.uel.br\/mostrapsi\/wp-json\/wp\/v2\/comments?post=15"}],"version-history":[{"count":4,"href":"https:\/\/eventos.uel.br\/mostrapsi\/wp-json\/wp\/v2\/pages\/15\/revisions"}],"predecessor-version":[{"id":132,"href":"https:\/\/eventos.uel.br\/mostrapsi\/wp-json\/wp\/v2\/pages\/15\/revisions\/132"}],"wp:attachment":[{"href":"https:\/\/eventos.uel.br\/mostrapsi\/wp-json\/wp\/v2\/media?parent=15"}],"curies":[{"name":"wp","href":"https:\/\/api.w.org\/{rel}","templated":true}]}}