{"id":91,"date":"2025-05-14T10:40:49","date_gmt":"2025-05-14T13:40:49","guid":{"rendered":"https:\/\/eventos.uel.br\/eaic\/?page_id=91"},"modified":"2025-10-31T12:46:51","modified_gmt":"2025-10-31T15:46:51","slug":"comite-externo-cnpq","status":"publish","type":"page","link":"https:\/\/eventos.uel.br\/eaic\/comite-externo-cnpq\/","title":{"rendered":"Comit\u00ea Externo CNPq"},"content":{"rendered":"\n<div style=\"height:50px\" aria-hidden=\"true\" class=\"wp-block-spacer\"><\/div>\n\n\n\n<p><strong>COMPOSI\u00c7\u00c3O DO COMIT\u00ca AVALIADOR DO CNPq DO XXXIV EAIC \u2013UEL<\/strong><\/p>\n\n\n\n<div style=\"height:50px\" aria-hidden=\"true\" class=\"wp-block-spacer\"><\/div>\n\n\n\n<p><strong>Ci\u00eancias<\/strong>&nbsp;<strong>Exatas e da Terra<\/strong><\/p>\n\n\n\n<p>Prof. Dr. Felipe de Almeida La Porta &#8211; UTFPR<br><\/p>\n\n\n\n<p><strong>Ci\u00eancias<\/strong>&nbsp;<strong>Biol\u00f3gicas<\/strong><\/p>\n\n\n\n<p> Prof. Dr. F\u00e1bio Amodeo Lansac T\u00f4ha &#8211; UEM<br><\/p>\n\n\n\n<p><strong>Engenharias<\/strong><\/p>\n\n\n\n<p>Prof. Dr. Carlos Humberto Martins &#8211; UEM<br><\/p>\n\n\n\n<p><strong>Ci\u00eancias da<\/strong>&nbsp;<strong>Sa\u00fade<\/strong><\/p>\n\n\n\n<p> Profa. Dra. M\u00e1rcia Regina Cubas &#8211; PUC<br><\/p>\n\n\n\n<p><strong>Ci\u00eancias&nbsp;Agr\u00e1rias<\/strong><\/p>\n\n\n\n<p>Profa. Dra. Magali Soares Dos Santos Pozza &#8211; UEM <br><\/p>\n\n\n\n<p><strong>Ci\u00eancias<\/strong>&nbsp;<strong>Sociais Aplicadas<\/strong>&nbsp;<\/p>\n\n\n\n<p>Prof. Dr. Eduardo Leite Kr\u00fcger &#8211; UTFPR<br><\/p>\n\n\n\n<p><strong>Ci\u00eancias<\/strong>&nbsp;<strong>Humanas<\/strong>&nbsp;<\/p>\n\n\n\n<p> Profa. Dra. Terezinha Oliveira &#8211; UEM<br><\/p>\n\n\n\n<p><strong>Lingu\u00edstica, Letras e Artes<\/strong><\/p>\n\n\n\n<p> Profa. Dra. Rejane Cristina Rocha &#8211; UFSCAR<\/p>\n\n\n\n<div class=\"wp-block-columns is-layout-flex wp-container-core-columns-is-layout-9d6595d7 wp-block-columns-is-layout-flex\">\n<div class=\"wp-block-column is-layout-flow wp-block-column-is-layout-flow\"><\/div>\n<\/div>\n","protected":false},"excerpt":{"rendered":"<p>COMPOSI\u00c7\u00c3O DO COMIT\u00ca AVALIADOR DO CNPq DO XXXIV EAIC \u2013UEL Ci\u00eancias&nbsp;Exatas e da Terra Prof. Dr. Felipe de Almeida La Porta &#8211; UTFPR Ci\u00eancias&nbsp;Biol\u00f3gicas Prof. Dr. F\u00e1bio Amodeo Lansac T\u00f4ha &#8211; UEM Engenharias Prof. Dr. Carlos Humberto Martins &#8211; UEM Ci\u00eancias da&nbsp;Sa\u00fade Profa. Dra. M\u00e1rcia Regina Cubas &#8211; PUC Ci\u00eancias&nbsp;Agr\u00e1rias Profa. Dra. Magali Soares Dos [&hellip;]<\/p>\n","protected":false},"author":6,"featured_media":0,"parent":0,"menu_order":0,"comment_status":"closed","ping_status":"closed","template":"","meta":{"_acf_changed":false,"_themeisle_gutenberg_block_has_review":false,"footnotes":""},"class_list":["post-91","page","type-page","status-publish","hentry"],"acf":[],"_links":{"self":[{"href":"https:\/\/eventos.uel.br\/eaic\/wp-json\/wp\/v2\/pages\/91","targetHints":{"allow":["GET"]}}],"collection":[{"href":"https:\/\/eventos.uel.br\/eaic\/wp-json\/wp\/v2\/pages"}],"about":[{"href":"https:\/\/eventos.uel.br\/eaic\/wp-json\/wp\/v2\/types\/page"}],"author":[{"embeddable":true,"href":"https:\/\/eventos.uel.br\/eaic\/wp-json\/wp\/v2\/users\/6"}],"replies":[{"embeddable":true,"href":"https:\/\/eventos.uel.br\/eaic\/wp-json\/wp\/v2\/comments?post=91"}],"version-history":[{"count":14,"href":"https:\/\/eventos.uel.br\/eaic\/wp-json\/wp\/v2\/pages\/91\/revisions"}],"predecessor-version":[{"id":571,"href":"https:\/\/eventos.uel.br\/eaic\/wp-json\/wp\/v2\/pages\/91\/revisions\/571"}],"wp:attachment":[{"href":"https:\/\/eventos.uel.br\/eaic\/wp-json\/wp\/v2\/media?parent=91"}],"curies":[{"name":"wp","href":"https:\/\/api.w.org\/{rel}","templated":true}]}}