{"id":89,"date":"2025-05-14T10:39:51","date_gmt":"2025-05-14T13:39:51","guid":{"rendered":"https:\/\/eventos.uel.br\/eaic\/?page_id=89"},"modified":"2025-11-05T15:55:34","modified_gmt":"2025-11-05T18:55:34","slug":"moderador-e-monitor","status":"publish","type":"page","link":"https:\/\/eventos.uel.br\/eaic\/moderador-e-monitor\/","title":{"rendered":"Moderador e Monitor"},"content":{"rendered":"\n<p><strong>1) Moderadores (Alunos de P\u00f3s-gradua\u00e7\u00e3o)<\/strong><\/p>\n\n\n\n<p>Atividades a serem desenvolvidas:<\/p>\n\n\n\n<ul class=\"wp-block-list\">\n<li>Participa\u00e7\u00e3o na distribui\u00e7\u00e3o do material para os alunos inscritos na abertura (dia 10\/11 \u00e0 partir das 18:00h)<\/li>\n<\/ul>\n\n\n\n<ul class=\"wp-block-list\">\n<li>Atuar como mediador nas sess\u00f5es de apresenta\u00e7\u00e3o dos trabalhos.&nbsp;Cada sess\u00e3o ter\u00e1 uma apresenta\u00e7\u00e3o de cerca de seis trabalhos, sendo 10 minutos para apresenta\u00e7\u00e3o do trabalho e 5 minutos para discuss\u00e3o, totalizando cerca de 90 minutos de dura\u00e7\u00e3o.&nbsp;Estas sess\u00f5es ocorrer\u00e3o nos dias 11\/11 no per\u00edodo matutino e vespertino para o EAIC e no dia 12\/11 no per\u00edodo matutino para o EAICjr.<\/li>\n<\/ul>\n\n\n\n<ul class=\"wp-block-list\">\n<li>Assistir \u00e0s apresenta\u00e7\u00f5es e ler os resumos dos trabalhos que coordenar\u00e3o \u00e0s sess\u00f5es (ser\u00e3o disponibilizados no site a partir de 03\/11).<\/li>\n<\/ul>\n\n\n\n<ul class=\"wp-block-list\">\n<li>Elaborar perguntas sobre os trabalhos para iniciar a discuss\u00e3o, se necess\u00e1rio.<\/li>\n<\/ul>\n\n\n\n<ul class=\"wp-block-list\">\n<li>Ficar respons\u00e1vel pela coordena\u00e7\u00e3o da sess\u00e3o e tempo de dura\u00e7\u00e3o das apresenta\u00e7\u00f5es e discuss\u00f5es.<\/li>\n<\/ul>\n\n\n\n<p><strong>2) Monitores (Alunos de gradua\u00e7\u00e3o ou p\u00f3s-gradua\u00e7\u00e3o)<\/strong><\/p>\n\n\n\n<p>Atividades a serem desenvolvidas:<\/p>\n\n\n\n<ul class=\"wp-block-list\">\n<li>Participa\u00e7\u00e3o da distribui\u00e7\u00e3o do material para os alunos inscritos na abertura&nbsp; (dia 10\/11 \u00e0 partir das 18:00h)<\/li>\n<\/ul>\n\n\n\n<ul class=\"wp-block-list\">\n<li>Estar presente nas salas durante uma sess\u00e3o de aproximadamente 90 minutos&nbsp;no per\u00edodo matutino e vespertino para o EAIC no dia 11\/11 e no dia 12\/11 no per\u00edodo matutino para o EAICjr.<\/li>\n<\/ul>\n\n\n\n<ul class=\"wp-block-list\">\n<li>Coletar a assinatura em uma lista de presen\u00e7a dos alunos que apresentar\u00e3o e dos orientadores (a lista impressa ser\u00e1 disponibilizada nas sess\u00f5es).&nbsp;<\/li>\n<\/ul>\n\n\n\n<ul class=\"wp-block-list\">\n<li>Coletar em uma ficha de avalia\u00e7\u00e3o as notas dos docentes avaliadores presentes na sess\u00e3o (a ficha impressa ser\u00e1 disponibilizada nas sess\u00f5es)<\/li>\n<\/ul>\n\n\n\n<ul class=\"wp-block-list\">\n<li>Controlar o ambiente, avisando o moderador sobre poss\u00edveis perguntas durante a discuss\u00e3o.<\/li>\n<\/ul>\n\n\n\n<p><strong>Template slides para in\u00edcio de sess\u00e3o:<\/strong><br><br><a href=\"https:\/\/eventos.uel.br\/eaic\/wp-content\/uploads\/2025\/11\/Template-Slide-Inicial-EAIC-2025.pptx\">&#8211; Slide EAIC<\/a><br><a href=\"https:\/\/eventos.uel.br\/eaic\/wp-content\/uploads\/2025\/11\/Template-Slide-Inicial-EAICJR-2025.pptx\">&#8211; Slide EAICJr<\/a><br><\/p>\n\n\n\n<p><strong>OBS.: Os moderadores e monitores t\u00eam direito a certificado&nbsp;&nbsp;<\/strong><\/p>\n\n\n\n<p><em><strong>Caso tenha interesse em atuar como moderador ou monitor entre em contato com um dos professores da comiss\u00e3o organizadora do seu centro de estudos a partir de <\/strong><\/em><strong><em>08\/10\/2025<\/em><\/strong>.<\/p>\n\n\n\n<div class=\"wp-block-columns is-layout-flex wp-container-core-columns-is-layout-9d6595d7 wp-block-columns-is-layout-flex\">\n<div class=\"wp-block-column is-layout-flow wp-block-column-is-layout-flow\"><\/div>\n<\/div>\n","protected":false},"excerpt":{"rendered":"<p>1) Moderadores (Alunos de P\u00f3s-gradua\u00e7\u00e3o) Atividades a serem desenvolvidas: 2) Monitores (Alunos de gradua\u00e7\u00e3o ou p\u00f3s-gradua\u00e7\u00e3o) Atividades a serem desenvolvidas: Template slides para in\u00edcio de sess\u00e3o: &#8211; Slide EAIC&#8211; Slide EAICJr OBS.: Os moderadores e monitores t\u00eam direito a certificado&nbsp;&nbsp; Caso tenha interesse em atuar como moderador ou monitor entre em contato com um dos [&hellip;]<\/p>\n","protected":false},"author":6,"featured_media":0,"parent":0,"menu_order":0,"comment_status":"closed","ping_status":"closed","template":"","meta":{"_acf_changed":false,"_themeisle_gutenberg_block_has_review":false,"footnotes":""},"class_list":["post-89","page","type-page","status-publish","hentry"],"acf":[],"_links":{"self":[{"href":"https:\/\/eventos.uel.br\/eaic\/wp-json\/wp\/v2\/pages\/89","targetHints":{"allow":["GET"]}}],"collection":[{"href":"https:\/\/eventos.uel.br\/eaic\/wp-json\/wp\/v2\/pages"}],"about":[{"href":"https:\/\/eventos.uel.br\/eaic\/wp-json\/wp\/v2\/types\/page"}],"author":[{"embeddable":true,"href":"https:\/\/eventos.uel.br\/eaic\/wp-json\/wp\/v2\/users\/6"}],"replies":[{"embeddable":true,"href":"https:\/\/eventos.uel.br\/eaic\/wp-json\/wp\/v2\/comments?post=89"}],"version-history":[{"count":10,"href":"https:\/\/eventos.uel.br\/eaic\/wp-json\/wp\/v2\/pages\/89\/revisions"}],"predecessor-version":[{"id":601,"href":"https:\/\/eventos.uel.br\/eaic\/wp-json\/wp\/v2\/pages\/89\/revisions\/601"}],"wp:attachment":[{"href":"https:\/\/eventos.uel.br\/eaic\/wp-json\/wp\/v2\/media?parent=89"}],"curies":[{"name":"wp","href":"https:\/\/api.w.org\/{rel}","templated":true}]}}