{"id":85,"date":"2025-05-14T10:39:03","date_gmt":"2025-05-14T13:39:03","guid":{"rendered":"https:\/\/eventos.uel.br\/eaic\/?page_id=85"},"modified":"2025-10-14T17:33:40","modified_gmt":"2025-10-14T20:33:40","slug":"organizadora","status":"publish","type":"page","link":"https:\/\/eventos.uel.br\/eaic\/organizadora\/","title":{"rendered":"Comiss\u00e3o Organizadora"},"content":{"rendered":"\n<div style=\"height:50px\" aria-hidden=\"true\" class=\"wp-block-spacer\"><\/div>\n\n\n\n<p><strong>Coordena\u00e7\u00e3o Geral<\/strong><br>Prof. Dr. Claudemir Zucareli<br>Prof\u00aa. Dr\u00aa. Adriana Louren\u00e7o Soares Russo<\/p>\n\n\n\n<p><br><strong>Ci\u00eancias<\/strong> <strong>Exatas e da Terra<\/strong><br>Prof. Dr. F\u00e1bio Luiz Melquiades<br>Prof. Dr. Pedro Rodolfo Siqueira Vendrame<br>Prof\u00aa. Dr\u00aa. Gizilene Maria de Carvalho<\/p>\n\n\n\n<p><strong>Ci\u00eancias<\/strong> <strong>Biol\u00f3gicas<\/strong><br>Prof\u00aa. Dr\u00aa.\u00a0Lucy Megumi Yamauchi Lioni<br>Prof\u00aa. Dr\u00aa Priscila Cassolla<br>Prof. Dr. Doumit Camilios Neto<br>Prof\u00aa. Dr\u00aa Josiane Alessandra Vignoli Camilios<\/p>\n\n\n\n<p><strong>Engenharias<\/strong><br>Prof\u00aa. Dr\u00aa. Camila Greg\u00f3rio Atem<br>Prof\u00aa. Dr\u00aa. Juliani Chico Piai Paiva<br>Prof\u00aa. Dr\u00aa. Thalita Gorban Ferreira Giglio<\/p>\n\n\n\n<p><strong>Ci\u00eancias da<\/strong> <strong>Sa\u00fade<\/strong><br>Prof\u00aa. Dr\u00aa. Daniela Frizon Alfieri<br>Prof\u00aa. Dr\u00aa. Marla Karine Amarante<br>Prof\u00aa. Dr\u00aa. Josiane Marques Felcar Piaie de Oliveira<br>Prof\u00aa. Dr\u00aa. Vanessa Suziane Probst<br>Prof\u00aa. Dr\u00aa. Ros\u00e2ngela Pimenta Ferrari<\/p>\n\n\n\n<p><strong>Ci\u00eancias <strong>Agr\u00e1rias<\/strong><\/strong><br>Prof\u00aa. Dr\u00aa. Ana Maria Bridi<br>Prof\u00aa. Dr\u00aa. D\u00e9bora Cristina Santiago<br>Prof\u00aa. Dr\u00aa. Amanda Fonseca Zangirolamo<br>Prof\u00aa. Dr\u00aa.  Suzana Tiemi Ivamoto Suzuki<br>Prof\u00aa. Dr\u00aa.  Giovanna Wingeter Di Santis<\/p>\n\n\n\n<p><strong>Ci\u00eancias<\/strong> <strong>Sociais Aplicadas<\/strong>&nbsp;<br>Prof\u00aa. Dr\u00aa. Evelyn Secco Faquin<br>Prof\u00aa. Dr\u00aa. Rosane Fonseca de Freitas Martins<br>Prof\u00aa. Dr\u00aa. Ana Patr\u00edcia Nalesso<br>Prof\u00aa. Dr\u00aa. Milena Kanashiro<\/p>\n\n\n\n<p><strong>Ci\u00eancias<\/strong> <strong>Humanas<\/strong>&nbsp;<br>Prof\u00aa. Dr\u00aa. Simone Burioli<br>Prof\u00aa. Dr\u00aa. Adriana de Medeiros Farias<br>Prof\u00aa. Dr\u00aa. Eliane Cleide da Silva Czernisz<br>Prof\u00aa. Dr\u00aa. Ana Lucia Ferreira da Silva<br>Prof\u00aa. Dr\u00aa. Silvia Alves dos Santos<\/p>\n\n\n\n<p><strong>Lingu\u00edstica, Letras e Artes<\/strong><br>Prof\u00aa Dr\u00aa Sonia Aparecida Vido Pascolati<br>Prof. Dr. Antonio Lemes Guerra Junior<br>Prof\u00aa. Dr\u00aa. Ellen Mariany da Silva Dias<br> Prof. Dr. Eduardo Prazeres dos Santos<br><\/p>\n\n\n\n<div style=\"height:30px\" aria-hidden=\"true\" class=\"wp-block-spacer\"><\/div>\n\n\n\n<p><strong>Apoio PROPPG<\/strong><\/p>\n\n\n\n<p>Andr\u00e9 Junior Concei\u00e7\u00e3o (Chefe Divis\u00e3o de Pesquisa, IC e TI)<br>Jos\u00e9 Dilton Cruz Pessoa (Encarregado Divis\u00e3o de IC)<\/p>\n\n\n\n<div style=\"height:30px\" aria-hidden=\"true\" class=\"wp-block-spacer\"><\/div>\n\n\n\n<p><strong>Apoio ATI<\/strong><\/p>\n\n\n\n<p>Marcelo Luiz Altafin<br>Humberto Ferreira da Luz J\u00fanior<\/p>\n\n\n\n<div style=\"height:30px\" aria-hidden=\"true\" class=\"wp-block-spacer\"><\/div>\n\n\n\n<p>&nbsp;<strong>Apoio EDn&nbsp;<\/strong><\/p>\n\n\n\n<p>&nbsp;Escrit\u00f3rio de Design &#8211; Prof. Dr. Rog\u00e9rio Zanete Gomes<\/p>\n\n\n\n<div class=\"wp-block-columns is-layout-flex wp-container-core-columns-is-layout-9d6595d7 wp-block-columns-is-layout-flex\">\n<div class=\"wp-block-column is-layout-flow wp-block-column-is-layout-flow\"><\/div>\n<\/div>\n\n\n\n<p><\/p>\n","protected":false},"excerpt":{"rendered":"<p>Coordena\u00e7\u00e3o GeralProf. Dr. Claudemir ZucareliProf\u00aa. Dr\u00aa. Adriana Louren\u00e7o Soares Russo Ci\u00eancias Exatas e da TerraProf. Dr. F\u00e1bio Luiz MelquiadesProf. Dr. Pedro Rodolfo Siqueira VendrameProf\u00aa. Dr\u00aa. Gizilene Maria de Carvalho Ci\u00eancias Biol\u00f3gicasProf\u00aa. Dr\u00aa.\u00a0Lucy Megumi Yamauchi LioniProf\u00aa. Dr\u00aa Priscila CassollaProf. Dr. Doumit Camilios NetoProf\u00aa. Dr\u00aa Josiane Alessandra Vignoli Camilios EngenhariasProf\u00aa. Dr\u00aa. Camila Greg\u00f3rio AtemProf\u00aa. Dr\u00aa. Juliani Chico [&hellip;]<\/p>\n","protected":false},"author":6,"featured_media":0,"parent":0,"menu_order":0,"comment_status":"closed","ping_status":"closed","template":"","meta":{"_acf_changed":false,"_themeisle_gutenberg_block_has_review":false,"footnotes":""},"class_list":["post-85","page","type-page","status-publish","hentry"],"acf":[],"_links":{"self":[{"href":"https:\/\/eventos.uel.br\/eaic\/wp-json\/wp\/v2\/pages\/85","targetHints":{"allow":["GET"]}}],"collection":[{"href":"https:\/\/eventos.uel.br\/eaic\/wp-json\/wp\/v2\/pages"}],"about":[{"href":"https:\/\/eventos.uel.br\/eaic\/wp-json\/wp\/v2\/types\/page"}],"author":[{"embeddable":true,"href":"https:\/\/eventos.uel.br\/eaic\/wp-json\/wp\/v2\/users\/6"}],"replies":[{"embeddable":true,"href":"https:\/\/eventos.uel.br\/eaic\/wp-json\/wp\/v2\/comments?post=85"}],"version-history":[{"count":25,"href":"https:\/\/eventos.uel.br\/eaic\/wp-json\/wp\/v2\/pages\/85\/revisions"}],"predecessor-version":[{"id":564,"href":"https:\/\/eventos.uel.br\/eaic\/wp-json\/wp\/v2\/pages\/85\/revisions\/564"}],"wp:attachment":[{"href":"https:\/\/eventos.uel.br\/eaic\/wp-json\/wp\/v2\/media?parent=85"}],"curies":[{"name":"wp","href":"https:\/\/api.w.org\/{rel}","templated":true}]}}