{"id":76,"date":"2025-05-13T16:11:10","date_gmt":"2025-05-13T19:11:10","guid":{"rendered":"https:\/\/eventos.uel.br\/eaic\/?page_id=76"},"modified":"2025-11-11T14:10:59","modified_gmt":"2025-11-11T17:10:59","slug":"cronograma","status":"publish","type":"page","link":"https:\/\/eventos.uel.br\/eaic\/cronograma\/","title":{"rendered":"Cronograma"},"content":{"rendered":"\n<div style=\"height:50px\" aria-hidden=\"true\" class=\"wp-block-spacer\"><\/div>\n\n\n\n<p><strong>Cronograma do EAIC e EAIC Jr 2025<\/strong><\/p>\n\n\n\n<div style=\"height:30px\" aria-hidden=\"true\" class=\"wp-block-spacer\"><\/div>\n\n\n\n<figure class=\"wp-block-table is-style-stripes has-small-font-size\"><table class=\"has-fixed-layout\"><tbody><tr><td><strong>M\u00caS<\/strong><\/td><td><strong>DATA<\/strong><\/td><td><strong>ATIVIDADE<\/strong><\/td><\/tr><tr><td><strong>Agosto<\/strong><\/td><td>18\/08\/2025<\/td><td>In\u00edcio das inscri\u00e7\u00f5es e submiss\u00e3o de resumos para o EAIC.<\/td><\/tr><tr><td><strong>Setembro<\/strong><\/td><td>22\/09\/2025<\/td><td>Prazo final para as inscri\u00e7\u00f5es, pagamento do boleto de inscri\u00e7\u00e3o e submiss\u00e3o de resumos.<\/td><\/tr><tr><td><strong>Outubro<\/strong><\/td><td>15\/10\/2025<\/td><td>Prazo para emiss\u00e3o de parecer inicial sobre o resumo (aceite ou reformula\u00e7\u00e3o).<\/td><\/tr><tr><td><\/td><td>19\/10\/2025<\/td><td>Prazo final para os alunos inserirem no Sigec os resumos corrigidos.<\/td><\/tr><tr><td><\/td><td>22\/10\/2025<\/td><td>Prazo final para o comit\u00ea de \u00e1rea avaliar o resumo e emitir parecer final.<\/td><\/tr><tr><td><strong>Novembro<\/strong><\/td><td>03\/11\/2025 ap\u00f3s as 18hs<\/td><td>Disponibiliza\u00e7\u00e3o dos anais e relat\u00f3rios finais para o comit\u00ea avaliador externo do CNPq;<br>Publica\u00e7\u00e3o dos anais no site.<br>Previs\u00e3o das informa\u00e7\u00f5es de ensalamento <\/td><\/tr><tr><td><\/td><td>10\/11\/2025<\/td><td>Abertura oficial do evento \u00e0s 19:00h &#8211; <strong>Local: <\/strong>Anfiteatro Cyro Grossi; <br><strong>Palestra:<\/strong> Palestrante EAIC &#8211; Prof. Dr. Jorge Roberto Lopes dos santos &#8211; Pontif\u00edcia Universidade Cat\u00f3lica do Rio de Janeiro, PUC-Rio<br>&#8220;Maluco tem im\u00e3: a multidisciplinaridade e as conex\u00f5es nas diferentes \u00e1reas do conhecimento&#8221;<br>Credenciamento dos inscritos<\/td><\/tr><tr><td><\/td><td>11\/11\/2025<\/td><td>Das 08:00h \u00e0s 12:00h e das 14:00h \u00e0s 18:00h &#8211; Apresenta\u00e7\u00e3o dos trabalhos de Inicia\u00e7\u00e3o Cient\u00edfica nos centros de estudos<\/td><\/tr><tr><td><\/td><td>12\/11\/2025<br><br><br><br><br><br><br><br><br><br><br><br><\/td><td><br>Das 08:00h \u00e0s 12:00h &#8211; Reuni\u00e3o comit\u00ea PROIC e Comit\u00ea Avaliador Externo CNPq &#8211; LABESC;<br>Das 14:00h \u00e0s 18:00h &#8211; Evento EAIC Jr <br>(das 14:00h \u00e0s 16:00h Palestra no Anfiteatro do CESA \/ <br> das 16:00h \u00e0s 18:00h Apresenta\u00e7\u00e3o oral dos trabalhos de Inicia\u00e7\u00e3o Cient\u00edfica J\u00fanior &#8211; LABESC)<br><strong>Palestra:<\/strong> Prof. Dr. Paulo Antonio Liboni Filho &#8211; UEL &#8220;Forma\u00e7\u00e3o acad\u00eamica: somando conhecimentos e multiplicando oportunidades&#8221; e<br>Tha\u00eds Artoni Martins &#8211; Egressa UEL &#8220;A trajet\u00f3ria de uma egressa de IC&#8221;<br><\/td><\/tr><tr><td><\/td><td>24\/11\/2025<\/td><td>Men\u00e7\u00e3o Honrosa, \u00e0s 09:00h. <strong>Local: <\/strong>Sala dos Conselhos.<\/td><\/tr><\/tbody><\/table><\/figure>\n\n\n\n<p><\/p>\n\n\n\n<p><\/p>\n","protected":false},"excerpt":{"rendered":"<p>Cronograma do EAIC e EAIC Jr 2025 M\u00caS DATA ATIVIDADE Agosto 18\/08\/2025 In\u00edcio das inscri\u00e7\u00f5es e submiss\u00e3o de resumos para o EAIC. Setembro 22\/09\/2025 Prazo final para as inscri\u00e7\u00f5es, pagamento do boleto de inscri\u00e7\u00e3o e submiss\u00e3o de resumos. Outubro 15\/10\/2025 Prazo para emiss\u00e3o de parecer inicial sobre o resumo (aceite ou reformula\u00e7\u00e3o). 19\/10\/2025 Prazo final [&hellip;]<\/p>\n","protected":false},"author":6,"featured_media":0,"parent":0,"menu_order":0,"comment_status":"closed","ping_status":"closed","template":"","meta":{"_acf_changed":false,"_themeisle_gutenberg_block_has_review":false,"footnotes":""},"class_list":["post-76","page","type-page","status-publish","hentry"],"acf":[],"_links":{"self":[{"href":"https:\/\/eventos.uel.br\/eaic\/wp-json\/wp\/v2\/pages\/76","targetHints":{"allow":["GET"]}}],"collection":[{"href":"https:\/\/eventos.uel.br\/eaic\/wp-json\/wp\/v2\/pages"}],"about":[{"href":"https:\/\/eventos.uel.br\/eaic\/wp-json\/wp\/v2\/types\/page"}],"author":[{"embeddable":true,"href":"https:\/\/eventos.uel.br\/eaic\/wp-json\/wp\/v2\/users\/6"}],"replies":[{"embeddable":true,"href":"https:\/\/eventos.uel.br\/eaic\/wp-json\/wp\/v2\/comments?post=76"}],"version-history":[{"count":31,"href":"https:\/\/eventos.uel.br\/eaic\/wp-json\/wp\/v2\/pages\/76\/revisions"}],"predecessor-version":[{"id":618,"href":"https:\/\/eventos.uel.br\/eaic\/wp-json\/wp\/v2\/pages\/76\/revisions\/618"}],"wp:attachment":[{"href":"https:\/\/eventos.uel.br\/eaic\/wp-json\/wp\/v2\/media?parent=76"}],"curies":[{"name":"wp","href":"https:\/\/api.w.org\/{rel}","templated":true}]}}