{"id":433,"date":"2025-08-28T13:08:40","date_gmt":"2025-08-28T16:08:40","guid":{"rendered":"https:\/\/eventos.uel.br\/eaic\/?page_id=433"},"modified":"2025-08-28T13:11:48","modified_gmt":"2025-08-28T16:11:48","slug":"mencao-honrosa","status":"publish","type":"page","link":"https:\/\/eventos.uel.br\/eaic\/mencao-honrosa\/","title":{"rendered":"Men\u00e7\u00e3o Honrosa"},"content":{"rendered":"\n<div style=\"height:50px\" aria-hidden=\"true\" class=\"wp-block-spacer\"><\/div>\n\n\n\n<p><em><strong>Men\u00e7\u00e3o Honrosa por m\u00e9rito cient\u00edfico &#8211; EAIC 2025&nbsp;<\/strong><\/em><\/p>\n\n\n\n<p>Para o EAIC 2025 ser\u00e1 atribu\u00edda a Men\u00e7\u00e3o Honrosa por M\u00e9rito Cient\u00edfico a dois estudantes em cada grande \u00e1rea de conhecimento.&nbsp;O julgamento dos estudantes que optarem por concorrer nesta modalidade ser\u00e1 feito por docentes da UEL do Comit\u00ea ProIC e por docentes avaliadores do EAIC, presentes na sess\u00e3o de apresenta\u00e7\u00e3o oral, que ir\u00e3o pontuar todos os trabalhos do evento sem saberem quais est\u00e3o concorrendo.<\/p>\n\n\n\n<p>A Classifica\u00e7\u00e3o ser\u00e1 realizada considerando:<\/p>\n\n\n\n<p>&nbsp; &nbsp;a.&nbsp;O resumo submetido pelo estudante no site do EAIC\/UEL, com peso 4,0;<\/p>\n\n\n\n<p>&nbsp; &nbsp;b.&nbsp;A apresenta\u00e7\u00e3o oral do resumo dureante o evento, com peso 6,0;<\/p>\n\n\n\n<p>A n\u00e3o entrega do relat\u00f3rio final de Inicia\u00e7\u00e3o Cient\u00edfica em 20 dias ap\u00f3s o t\u00e9rmino da bolsa ou da vig\u00eancia da IC (para estudantes sem bolsa) ou n\u00e3o estar com o relat\u00f3rio aprovado pelo comit\u00ea PROIC at\u00e9 a data de 28\/10\/2025 implicar\u00e1 na desclassifica\u00e7\u00e3o do candidato;<\/p>\n\n\n\n<p>Para concorrer a esta modalidade de men\u00e7\u00e3o honrosa \u00e9 necess\u00e1rio anexar&nbsp;&nbsp;<strong><a href=\"https:\/\/eventos.uel.br\/eaic\/wp-content\/uploads\/2025\/08\/Modelo-carta-de-mencao-honrosa-EAIC.docx\" target=\"_blank\" rel=\"noreferrer noopener\">a carta de recomenda\u00e7\u00e3o<\/a>,<\/strong>&nbsp; preenchida e assinada pelo orientador, no momento da inscri\u00e7\u00e3o e submiss\u00e3o do resumo.&nbsp;A carta dever\u00e1 ser anexada em PDF.&nbsp;<\/p>\n\n\n\n<div style=\"height:30px\" aria-hidden=\"true\" class=\"wp-block-spacer\"><\/div>\n\n\n\n<p><em><strong>Men\u00e7\u00e3o Honrosa por m\u00e9rito cient\u00edfico &#8211; EAIC Jr 2025&nbsp;<\/strong><\/em><\/p>\n\n\n\n<p>A Men\u00e7\u00e3o Honrosa por m\u00e9rito cient\u00edfico ser\u00e1 concedida aos tr\u00eas primeiros estudantes classificados no EAICjr, considerando todas as \u00e1reas do conhecimento.<\/p>\n\n\n\n<p>A Classifica\u00e7\u00e3o ser\u00e1 realizada considerando:<\/p>\n\n\n\n<p>&nbsp; &nbsp;a.&nbsp;O resumo submetido pelo estudante no site do EAICjr\/UEL, com peso 4,0;<\/p>\n\n\n\n<p>&nbsp; &nbsp;b.&nbsp;A apresenta\u00e7\u00e3o oral do resumo dureante o evento, com peso 6,0;<\/p>\n\n\n\n<p>A n\u00e3o entrega do relat\u00f3rio final de Inicia\u00e7\u00e3o Cient\u00edfica em 20 dias ap\u00f3s o t\u00e9rmino da bolsa ou da vig\u00eancia da IC (para estudantes sem bolsa) ou n\u00e3o estar com o relat\u00f3rio aprovado pelo comit\u00ea PROIC at\u00e9 a data de 28\/10\/2025 implicar\u00e1 na desclassifica\u00e7\u00e3o do candidato;<\/p>\n\n\n\n<p>Para concorrer a esta modalidade de men\u00e7\u00e3o honrosa \u00e9 necess\u00e1rio anexar&nbsp;&nbsp;<strong><a href=\"https:\/\/eventos.uel.br\/eaic\/wp-content\/uploads\/2025\/08\/Modelo-carta-de-mencao-honrosa-EAICJR.docx\">a carta de recomenda\u00e7\u00e3o<\/a>,<\/strong>&nbsp; preenchida e assinada pelo orientador, no momento da inscri\u00e7\u00e3o e submiss\u00e3o do resumo.&nbsp;A carta dever\u00e1 ser anexada em PDF.&nbsp;<\/p>\n","protected":false},"excerpt":{"rendered":"<p>Men\u00e7\u00e3o Honrosa por m\u00e9rito cient\u00edfico &#8211; EAIC 2025&nbsp; Para o EAIC 2025 ser\u00e1 atribu\u00edda a Men\u00e7\u00e3o Honrosa por M\u00e9rito Cient\u00edfico a dois estudantes em cada grande \u00e1rea de conhecimento.&nbsp;O julgamento dos estudantes que optarem por concorrer nesta modalidade ser\u00e1 feito por docentes da UEL do Comit\u00ea ProIC e por docentes avaliadores do EAIC, presentes na [&hellip;]<\/p>\n","protected":false},"author":7,"featured_media":0,"parent":0,"menu_order":0,"comment_status":"closed","ping_status":"closed","template":"","meta":{"_acf_changed":false,"_themeisle_gutenberg_block_has_review":false,"footnotes":""},"class_list":["post-433","page","type-page","status-publish","hentry"],"acf":[],"_links":{"self":[{"href":"https:\/\/eventos.uel.br\/eaic\/wp-json\/wp\/v2\/pages\/433","targetHints":{"allow":["GET"]}}],"collection":[{"href":"https:\/\/eventos.uel.br\/eaic\/wp-json\/wp\/v2\/pages"}],"about":[{"href":"https:\/\/eventos.uel.br\/eaic\/wp-json\/wp\/v2\/types\/page"}],"author":[{"embeddable":true,"href":"https:\/\/eventos.uel.br\/eaic\/wp-json\/wp\/v2\/users\/7"}],"replies":[{"embeddable":true,"href":"https:\/\/eventos.uel.br\/eaic\/wp-json\/wp\/v2\/comments?post=433"}],"version-history":[{"count":4,"href":"https:\/\/eventos.uel.br\/eaic\/wp-json\/wp\/v2\/pages\/433\/revisions"}],"predecessor-version":[{"id":440,"href":"https:\/\/eventos.uel.br\/eaic\/wp-json\/wp\/v2\/pages\/433\/revisions\/440"}],"wp:attachment":[{"href":"https:\/\/eventos.uel.br\/eaic\/wp-json\/wp\/v2\/media?parent=433"}],"curies":[{"name":"wp","href":"https:\/\/api.w.org\/{rel}","templated":true}]}}