{"id":42,"date":"2025-05-12T11:42:34","date_gmt":"2025-05-12T14:42:34","guid":{"rendered":"https:\/\/eventos.uel.br\/eaic\/?page_id=42"},"modified":"2025-09-18T11:33:01","modified_gmt":"2025-09-18T14:33:01","slug":"inscricoes","status":"publish","type":"page","link":"https:\/\/eventos.uel.br\/eaic\/inscricoes\/","title":{"rendered":"Inscri\u00e7\u00f5es"},"content":{"rendered":"\n<div style=\"height:50px\" aria-hidden=\"true\" class=\"wp-block-spacer\"><\/div>\n\n\n\n<p><strong>Per\u00edodo de inscri\u00e7\u00e3o e submiss\u00e3o de resumos: <\/strong>de 18 de Agosto a <s>19 de Setembro de 2025<\/s> <strong><em>INSCRI\u00c7\u00c3O E SUBMISS\u00c3O DE RESUMOS PRORROGADOS AT\u00c9 22 DE SETEMBRO DE 2025!<\/em><\/strong><\/p>\n\n\n\n<div style=\"height:30px\" aria-hidden=\"true\" class=\"wp-block-spacer\"><\/div>\n\n\n\n<p>&#8211; Taxa de inscri\u00e7\u00e3o: R$ 100,00<\/p>\n\n\n\n<p>&#8211; Alunos n\u00e3o bolsistas, taxa de inscri\u00e7\u00e3o: R$ 80,00<\/p>\n\n\n\n<p>&#8211; Categorias com isen\u00e7\u00e3o da taxa de inscri\u00e7\u00e3o: Bolsistas Inclus\u00e3o Social (PIBIS), Bolsistas de IC J\u00fanior (CNPq-EM) e Ouvintes.<\/p>\n\n\n\n<div style=\"height:30px\" aria-hidden=\"true\" class=\"wp-block-spacer\"><\/div>\n\n\n\n<p><strong><a href=\"http:\/\/www.uel.br\/eventos\/sigec\/?id=10595\">Clique aqui para fazer a inscri\u00e7\u00e3o&nbsp;para o EAIC<\/a><\/strong><\/p>\n\n\n\n<p><a href=\"http:\/\/www.uel.br\/eventos\/sigec\/?id=10604\"><strong>Clique aqui para fazer a inscri\u00e7\u00e3o para o EAICJr<\/strong><\/a><\/p>\n\n\n\n<div style=\"height:30px\" aria-hidden=\"true\" class=\"wp-block-spacer\"><\/div>\n\n\n\n<p><em>* Ap\u00f3s inscri\u00e7\u00e3o, pagamento do boleto e envio do resumo pelo aluno, o orientador tem at\u00e9 5 dias para homologa\u00e7\u00e3o, aceitando e enviando o resumo para avalia\u00e7\u00e3o ou n\u00e3o aceitando e devolvendo para reformula\u00e7\u00f5es pelo aluno.&nbsp;<\/em><\/p>\n\n\n\n<p><\/p>\n","protected":false},"excerpt":{"rendered":"<p>Per\u00edodo de inscri\u00e7\u00e3o e submiss\u00e3o de resumos: de 18 de Agosto a 19 de Setembro de 2025 INSCRI\u00c7\u00c3O E SUBMISS\u00c3O DE RESUMOS PRORROGADOS AT\u00c9 22 DE SETEMBRO DE 2025! &#8211; Taxa de inscri\u00e7\u00e3o: R$ 100,00 &#8211; Alunos n\u00e3o bolsistas, taxa de inscri\u00e7\u00e3o: R$ 80,00 &#8211; Categorias com isen\u00e7\u00e3o da taxa de inscri\u00e7\u00e3o: Bolsistas Inclus\u00e3o Social [&hellip;]<\/p>\n","protected":false},"author":6,"featured_media":0,"parent":0,"menu_order":0,"comment_status":"closed","ping_status":"closed","template":"","meta":{"_acf_changed":false,"_themeisle_gutenberg_block_has_review":false,"footnotes":""},"class_list":["post-42","page","type-page","status-publish","hentry"],"acf":[],"_links":{"self":[{"href":"https:\/\/eventos.uel.br\/eaic\/wp-json\/wp\/v2\/pages\/42","targetHints":{"allow":["GET"]}}],"collection":[{"href":"https:\/\/eventos.uel.br\/eaic\/wp-json\/wp\/v2\/pages"}],"about":[{"href":"https:\/\/eventos.uel.br\/eaic\/wp-json\/wp\/v2\/types\/page"}],"author":[{"embeddable":true,"href":"https:\/\/eventos.uel.br\/eaic\/wp-json\/wp\/v2\/users\/6"}],"replies":[{"embeddable":true,"href":"https:\/\/eventos.uel.br\/eaic\/wp-json\/wp\/v2\/comments?post=42"}],"version-history":[{"count":17,"href":"https:\/\/eventos.uel.br\/eaic\/wp-json\/wp\/v2\/pages\/42\/revisions"}],"predecessor-version":[{"id":460,"href":"https:\/\/eventos.uel.br\/eaic\/wp-json\/wp\/v2\/pages\/42\/revisions\/460"}],"wp:attachment":[{"href":"https:\/\/eventos.uel.br\/eaic\/wp-json\/wp\/v2\/media?parent=42"}],"curies":[{"name":"wp","href":"https:\/\/api.w.org\/{rel}","templated":true}]}}