{"id":33,"date":"2025-05-12T11:34:31","date_gmt":"2025-05-12T14:34:31","guid":{"rendered":"https:\/\/eventos.uel.br\/eaic\/?page_id=33"},"modified":"2025-08-05T15:41:52","modified_gmt":"2025-08-05T18:41:52","slug":"sobre-o-evento","status":"publish","type":"page","link":"https:\/\/eventos.uel.br\/eaic\/","title":{"rendered":"Sobre o evento"},"content":{"rendered":"\n<p>O <strong>XXXIV Encontro Anual de Inicia\u00e7\u00e3o Cient\u00edfica (EAIC)<\/strong> e o <strong>VI EAICjr<\/strong> s\u00e3o eventos promovidos pela Pr\u00f3-Reitoria de Pesquisa e P\u00f3s-gradua\u00e7\u00e3o da Universidade Estadual de Londrina, que visa integrar docentes orientadores, p\u00f3s-graduandos, alunos de gradua\u00e7\u00e3o e de ensino m\u00e9dio de todos os cursos e \u00e1reas de conhecimento da Universidade Estadual de Londrina (UEL) que desenvolvam trabalhos de pesquisa na modalidade de inicia\u00e7\u00e3o cient\u00edfica.<\/p>\n\n\n\n<p>O EAIC tem a fun\u00e7\u00e3o de disseminar resultados de pesquisa desenvolvidas na modalidade Inicia\u00e7\u00e3o Cient\u00edfica e Inicia\u00e7\u00e3o Cient\u00edfica J\u00fanior, estreitando o interc\u00e2mbio entre os pesquisadores envolvidos. Fortalece e estimula a participa\u00e7\u00e3o de estudantes e grupos de pesquisa de diferentes centros de estudos envolvidos, promovendo a troca de experi\u00eancias entre bolsistas de IC, p\u00f3s-graduandos e docentes.<\/p>\n\n\n\n<p>O programa de inicia\u00e7\u00e3o Cient\u00edfica da Universidade Estadual de Londrina visa, despertar a voca\u00e7\u00e3o cient\u00edfica e o esp\u00edrito cr\u00edtico nos estudantes, preparando-os para o exerc\u00edcio da profiss\u00e3o de forma \u00e9tica e conscientizando-os do seu papel como vetor de desenvolvimento da regi\u00e3o e, at\u00e9 do Pa\u00eds.<\/p>\n\n\n\n<p><strong>Os Eventos s\u00e3o realizados de forma presencial com palestras e apresenta\u00e7\u00f5es orais do trabalho realizados pelos estudantes de Inicia\u00e7\u00e3o Cient\u00edfica.&nbsp;<\/strong><\/p>\n","protected":false},"excerpt":{"rendered":"<p>O XXXIV Encontro Anual de Inicia\u00e7\u00e3o Cient\u00edfica (EAIC) e o VI EAICjr s\u00e3o eventos promovidos pela Pr\u00f3-Reitoria de Pesquisa e P\u00f3s-gradua\u00e7\u00e3o da Universidade Estadual de Londrina, que visa integrar docentes orientadores, p\u00f3s-graduandos, alunos de gradua\u00e7\u00e3o e de ensino m\u00e9dio de todos os cursos e \u00e1reas de conhecimento da Universidade Estadual de Londrina (UEL) que desenvolvam [&hellip;]<\/p>\n","protected":false},"author":6,"featured_media":128,"parent":0,"menu_order":0,"comment_status":"closed","ping_status":"closed","template":"template-pages\/template-evento.php","meta":{"_acf_changed":false,"_themeisle_gutenberg_block_has_review":false,"footnotes":""},"class_list":["post-33","page","type-page","status-publish","has-post-thumbnail","hentry"],"acf":[],"_links":{"self":[{"href":"https:\/\/eventos.uel.br\/eaic\/wp-json\/wp\/v2\/pages\/33","targetHints":{"allow":["GET"]}}],"collection":[{"href":"https:\/\/eventos.uel.br\/eaic\/wp-json\/wp\/v2\/pages"}],"about":[{"href":"https:\/\/eventos.uel.br\/eaic\/wp-json\/wp\/v2\/types\/page"}],"author":[{"embeddable":true,"href":"https:\/\/eventos.uel.br\/eaic\/wp-json\/wp\/v2\/users\/6"}],"replies":[{"embeddable":true,"href":"https:\/\/eventos.uel.br\/eaic\/wp-json\/wp\/v2\/comments?post=33"}],"version-history":[{"count":7,"href":"https:\/\/eventos.uel.br\/eaic\/wp-json\/wp\/v2\/pages\/33\/revisions"}],"predecessor-version":[{"id":431,"href":"https:\/\/eventos.uel.br\/eaic\/wp-json\/wp\/v2\/pages\/33\/revisions\/431"}],"wp:featuredmedia":[{"embeddable":true,"href":"https:\/\/eventos.uel.br\/eaic\/wp-json\/wp\/v2\/media\/128"}],"wp:attachment":[{"href":"https:\/\/eventos.uel.br\/eaic\/wp-json\/wp\/v2\/media?parent=33"}],"curies":[{"name":"wp","href":"https:\/\/api.w.org\/{rel}","templated":true}]}}