{"id":173,"date":"2025-05-21T16:15:41","date_gmt":"2025-05-21T19:15:41","guid":{"rendered":"https:\/\/eventos.uel.br\/eaic\/?page_id=173"},"modified":"2025-09-18T11:35:21","modified_gmt":"2025-09-18T14:35:21","slug":"duvidas-frequentes","status":"publish","type":"page","link":"https:\/\/eventos.uel.br\/eaic\/duvidas-frequentes\/","title":{"rendered":"D\u00favidas Frequentes"},"content":{"rendered":"\n<div style=\"height:50px\" aria-hidden=\"true\" class=\"wp-block-spacer\"><\/div>\n\n\n\n<p><strong><mark class=\"has-inline-color has-verde-escuro-color\"><span class=\"highlight\">*Caso sua d\u00favida n\u00e3o seja esclarecida abaixo, por favor, entre em contato pelo e-mail&nbsp;<a href=\"mailto:eaic@uel.br\">eaic@uel.br<\/a>&nbsp;<\/span><\/mark><\/strong><\/p>\n\n\n\n<div style=\"height:30px\" aria-hidden=\"true\" class=\"wp-block-spacer\"><\/div>\n\n\n\n<p><strong>1)<\/strong> <strong>Alunos de Inicia\u00e7\u00e3o Cient\u00edfica &#8220;sem concess\u00e3o de bolsa&#8221; precisam inscrever-se no XXXIV EAIC?<\/strong><br> Os estudantes&nbsp;de IC sem bolsa dever\u00e3o apresentar os trabalho no EAIC.<\/p>\n\n\n\n<p><strong>2)<\/strong>&nbsp;<strong>Alunos de ensino m\u00e9dio que fazem Inicia\u00e7\u00e3o Cient\u00edfica J\u00fanior na UEL,&nbsp; podem inscrever-se no VI EAIC Jr?<\/strong><br> Sim, dever\u00e3o participar e ser\u00e3o isentos do pagamento da taxa de inscri\u00e7\u00e3o, somente alunos bolsistas que desenvolveram as atividades na UEL.&nbsp;<\/p>\n\n\n\n<p><strong>3)<\/strong>&nbsp;<strong>Bolsistas do PIBIC-A\u00e7\u00f5es Afirmativas e Inclus\u00e3o Social podem inscrever-se no XXXIV<\/strong>&nbsp;<strong>EAIC?<\/strong><br> Sim. A participa\u00e7\u00e3o dos bolsistas PIBIC-Af, com bolsa do CNPq, \u00e9 obrigat\u00f3ria. Para os bolsistas PIBIC-UEL-Inclus\u00e3o Social da Funda\u00e7\u00e3o Arauc\u00e1ria, cuja vig\u00eancia da bolsa\/pesquisa vai at\u00e9 outubro, tamb\u00e9m \u00e9 obrigat\u00f3ria. Bolsistas das demais IES e participantes do PIBIC-Inclus\u00e3o Social &#8211; Funda\u00e7\u00e3o Arauc\u00e1ria devem se informar com a coordena\u00e7\u00e3o do programa de sua respectiva IES para saberem se devem ou n\u00e3o participar do EAIC. De toda forma, somente devem se inscrever bolsistas que desenvolvam projetos de pesquisa. O EAIC \u00e9 um evento genuinamente de Inicia\u00e7\u00e3o Cient\u00edfica, portanto, n\u00e3o aceita a inscri\u00e7\u00e3o de trabalhos de extens\u00e3o.<\/p>\n\n\n\n<p><strong>4)<\/strong> <strong>Alunos de gradua\u00e7\u00e3o participantes dos PET (Programa de Educa\u00e7\u00e3o Tutorial) podem inscrever-se no XXXIV EAIC?<\/strong><br> &nbsp;Poder\u00e3o se inscrever apenas os alunos PET que desenvolveram projetos de Inicia\u00e7\u00e3o Cient\u00edfica cadastrados na PROPPG.<\/p>\n\n\n\n<p><strong>5)<\/strong>&nbsp;<strong>Posso inscrever-me como ouvinte?<\/strong><br> Sim, a partir de edi\u00e7\u00e3o de 2025 haver\u00e1 essa forma de participa\u00e7\u00e3o no evento.&nbsp;Os ouvintes s\u00e3o isentos da taxa de inscri\u00e7\u00e3o, e ter\u00e3o direito \u00e0 certificado de ouvinte mediante assinatura da lista de presen\u00e7a que estar\u00e1 dispon\u00edvel em todas as salas de apresenta\u00e7\u00f5es de trabalhos do evento. No entanto,  essa modalidade n\u00e3o d\u00e1 direito a material (pasta, blocos, canetas etc.). Mesmo com a modalidade de ouvinte dispon\u00edvel, as sess\u00f5es de apresenta\u00e7\u00f5es de trabalhos continuam abertas \u00e0 toda a comunidade acad\u00eamica, sem necessidade de inscri\u00e7\u00e3o e, portanto, sem custos e&nbsp;tamb\u00e9m sem direito a material.<\/p>\n\n\n\n<p><strong>6)&nbsp;<\/strong>&nbsp;<strong>Haver\u00e1 men\u00e7\u00e3o honrosa aos melhores trabalhos apresentados no XXXIV EAIC?<\/strong><br> Sim, a partir da Edi\u00e7\u00e3o de 2019, aos melhores trabalhos ser\u00e1 atribu\u00edda uma men\u00e7\u00e3o honrosa. Voc\u00ea poder\u00e1 escolher se deseja concorrer com seu resumo e caso opte por concorrer dever\u00e1 apresentar uma carta de recomenda\u00e7\u00e3o do Orientador no momento de submiss\u00e3o do resumo.&nbsp;<\/p>\n\n\n\n<p><strong>&nbsp;7)&nbsp;Qual a data limite para inscri\u00e7\u00e3o e envio do resumo ?<\/strong><br> A data limite \u00e9 22\/09\/2025.<\/p>\n\n\n\n<p><strong>8)<\/strong>&nbsp;<strong>Onde encontro a Tabela de \u00c1reas do Conhecimento do CNPq?<\/strong><br>      A tabela est\u00e1 dispon\u00edvel no site:&nbsp;<a href=\"https:\/\/lattes.cnpq.br\/web\/dgp\/arvore-do-conhecimento\">https:\/\/lattes.cnpq.br\/web\/dgp\/arvore-do-conhecimento<\/a><\/p>\n\n\n\n<p><strong>9)<\/strong>&nbsp; <strong>A \u00e1rea de conhecimento selecionada \u00e9 a do trabalho ou do orientador, no caso de serem \u00e1reas diferentes?<\/strong><br>      A \u00e1rea que deve ser selecionada \u00e9 a do trabalho, conforme indicado pelo orientador no momento de indica\u00e7\u00e3o do bolsista de do projeto de IC.<\/p>\n\n\n\n<p><strong>10)<\/strong>\u00a0\u00a0<strong>At\u00e9 que data pode ser enviado o resumo?<\/strong><br> At\u00e9 o dia 22 de setembro de 2025, por\u00e9m, \u00e9 altamente recomend\u00e1vel n\u00e3o deixar para o \u00faltimo dia.<\/p>\n\n\n\n<p><strong>11)<\/strong>&nbsp;&nbsp;<strong>Quando saberei se meu trabalho foi aceito?<\/strong>&nbsp;<br>         At\u00e9, no m\u00e1ximo, dia 18 de outubro de 2025.&nbsp;&nbsp;<\/p>\n","protected":false},"excerpt":{"rendered":"<p>*Caso sua d\u00favida n\u00e3o seja esclarecida abaixo, por favor, entre em contato pelo e-mail&nbsp;eaic@uel.br&nbsp; 1) Alunos de Inicia\u00e7\u00e3o Cient\u00edfica &#8220;sem concess\u00e3o de bolsa&#8221; precisam inscrever-se no XXXIV EAIC? Os estudantes&nbsp;de IC sem bolsa dever\u00e3o apresentar os trabalho no EAIC. 2)&nbsp;Alunos de ensino m\u00e9dio que fazem Inicia\u00e7\u00e3o Cient\u00edfica J\u00fanior na UEL,&nbsp; podem inscrever-se no VI EAIC [&hellip;]<\/p>\n","protected":false},"author":6,"featured_media":0,"parent":0,"menu_order":0,"comment_status":"closed","ping_status":"closed","template":"","meta":{"_acf_changed":false,"_themeisle_gutenberg_block_has_review":false,"footnotes":""},"class_list":["post-173","page","type-page","status-publish","hentry"],"acf":[],"_links":{"self":[{"href":"https:\/\/eventos.uel.br\/eaic\/wp-json\/wp\/v2\/pages\/173","targetHints":{"allow":["GET"]}}],"collection":[{"href":"https:\/\/eventos.uel.br\/eaic\/wp-json\/wp\/v2\/pages"}],"about":[{"href":"https:\/\/eventos.uel.br\/eaic\/wp-json\/wp\/v2\/types\/page"}],"author":[{"embeddable":true,"href":"https:\/\/eventos.uel.br\/eaic\/wp-json\/wp\/v2\/users\/6"}],"replies":[{"embeddable":true,"href":"https:\/\/eventos.uel.br\/eaic\/wp-json\/wp\/v2\/comments?post=173"}],"version-history":[{"count":21,"href":"https:\/\/eventos.uel.br\/eaic\/wp-json\/wp\/v2\/pages\/173\/revisions"}],"predecessor-version":[{"id":463,"href":"https:\/\/eventos.uel.br\/eaic\/wp-json\/wp\/v2\/pages\/173\/revisions\/463"}],"wp:attachment":[{"href":"https:\/\/eventos.uel.br\/eaic\/wp-json\/wp\/v2\/media?parent=173"}],"curies":[{"name":"wp","href":"https:\/\/api.w.org\/{rel}","templated":true}]}}