{"id":148,"date":"2025-05-20T11:25:10","date_gmt":"2025-05-20T14:25:10","guid":{"rendered":"https:\/\/eventos.uel.br\/eaic\/?page_id=148"},"modified":"2025-08-04T16:28:56","modified_gmt":"2025-08-04T19:28:56","slug":"valores","status":"publish","type":"page","link":"https:\/\/eventos.uel.br\/eaic\/valores\/","title":{"rendered":"Investimento"},"content":{"rendered":"\n<div style=\"height:50px\" aria-hidden=\"true\" class=\"wp-block-spacer\"><\/div>\n\n\n\n<p><strong>Alunos Bolsistas (UEL, CNPQ, Funda\u00e7\u00e3o Arauc\u00e1ria):<\/strong> R$100,00<\/p>\n\n\n\n<p><strong>Alunos do<\/strong> <strong>Programa de Educa\u00e7\u00e3o Tutorial (PET)<\/strong>: R$100,00<\/p>\n\n\n\n<p><strong><strong>Alunos n\u00e3o bolsistas:<\/strong><\/strong> R$80,00<\/p>\n\n\n\n<p><strong>Alunos de<\/strong> <strong>Inicia\u00e7\u00e3o Cient\u00edfica Jr e PIBIS:<\/strong> Isentos<\/p>\n\n\n\n<p><\/p>\n","protected":false},"excerpt":{"rendered":"<p>Alunos Bolsistas (UEL, CNPQ, Funda\u00e7\u00e3o Arauc\u00e1ria): R$100,00 Alunos do Programa de Educa\u00e7\u00e3o Tutorial (PET): R$100,00 Alunos n\u00e3o bolsistas: R$80,00 Alunos de Inicia\u00e7\u00e3o Cient\u00edfica Jr e PIBIS: Isentos<\/p>\n","protected":false},"author":6,"featured_media":0,"parent":0,"menu_order":0,"comment_status":"closed","ping_status":"closed","template":"","meta":{"_acf_changed":false,"_themeisle_gutenberg_block_has_review":false,"footnotes":""},"class_list":["post-148","page","type-page","status-publish","hentry"],"acf":[],"_links":{"self":[{"href":"https:\/\/eventos.uel.br\/eaic\/wp-json\/wp\/v2\/pages\/148","targetHints":{"allow":["GET"]}}],"collection":[{"href":"https:\/\/eventos.uel.br\/eaic\/wp-json\/wp\/v2\/pages"}],"about":[{"href":"https:\/\/eventos.uel.br\/eaic\/wp-json\/wp\/v2\/types\/page"}],"author":[{"embeddable":true,"href":"https:\/\/eventos.uel.br\/eaic\/wp-json\/wp\/v2\/users\/6"}],"replies":[{"embeddable":true,"href":"https:\/\/eventos.uel.br\/eaic\/wp-json\/wp\/v2\/comments?post=148"}],"version-history":[{"count":10,"href":"https:\/\/eventos.uel.br\/eaic\/wp-json\/wp\/v2\/pages\/148\/revisions"}],"predecessor-version":[{"id":423,"href":"https:\/\/eventos.uel.br\/eaic\/wp-json\/wp\/v2\/pages\/148\/revisions\/423"}],"wp:attachment":[{"href":"https:\/\/eventos.uel.br\/eaic\/wp-json\/wp\/v2\/media?parent=148"}],"curies":[{"name":"wp","href":"https:\/\/api.w.org\/{rel}","templated":true}]}}