{"id":146,"date":"2025-05-20T11:23:53","date_gmt":"2025-05-20T14:23:53","guid":{"rendered":"https:\/\/eventos.uel.br\/eaic\/?page_id=146"},"modified":"2025-08-04T16:23:15","modified_gmt":"2025-08-04T19:23:15","slug":"trabalhos-e-seminarios","status":"publish","type":"page","link":"https:\/\/eventos.uel.br\/eaic\/trabalhos-e-seminarios\/","title":{"rendered":"Resumos e Apresenta\u00e7\u00f5es Orais"},"content":{"rendered":"\n<div style=\"height:30px\" aria-hidden=\"true\" class=\"wp-block-spacer\"><\/div>\n\n\n\n<p><strong>1) <\/strong><strong>Normas para Elabora\u00e7\u00e3o do Resumo:<\/strong><\/p>\n\n\n\n<p>&nbsp;<strong>&#8211; <\/strong><a href=\"https:\/\/eventos.uel.br\/eaic\/wp-content\/uploads\/2025\/08\/NORMAS-PARA-ELABORACAO-DO-RESUMO-EAIC.pdf\">Normas para elabora\u00e7\u00e3o do resumo&nbsp;do <strong>EAIC<\/strong><\/a><\/p>\n\n\n\n<p>\u00a0<strong>&#8211; <\/strong><a href=\"https:\/\/eventos.uel.br\/eaic\/wp-content\/uploads\/2025\/08\/Template_resumo_EAIC.docx\">Modelo de resumo do <strong>EAIC<\/strong><\/a><\/p>\n\n\n\n<div style=\"height:30px\" aria-hidden=\"true\" class=\"wp-block-spacer\"><\/div>\n\n\n\n<p>&#8211;&nbsp;<a href=\"https:\/\/eventos.uel.br\/eaic\/wp-content\/uploads\/2025\/08\/NORMAS-PARA-ELABORACAO-DO-RESUMO-EAICjr.pdf\">Normas para elabora\u00e7\u00e3o do resumo do <strong>EAIC J\u00fanior<\/strong><\/a><\/p>\n\n\n\n<p>&#8211;\u00a0<a href=\"https:\/\/eventos.uel.br\/eaic\/wp-content\/uploads\/2025\/08\/Template_resumo_EAICjr.docx\">Modelo do Resumo do <strong>EAIC Jr<\/strong><\/a><\/p>\n\n\n\n<div style=\"height:30px\" aria-hidden=\"true\" class=\"wp-block-spacer\"><\/div>\n\n\n\n<p><strong>2) Apresenta\u00e7\u00e3o dos resumos:&nbsp;<\/strong><\/p>\n\n\n\n<p>&nbsp;&#8211;&nbsp;<a href=\"https:\/\/eventos.uel.br\/eaic\/wp-content\/uploads\/2025\/08\/Normas-para-Apresentacao-Oral-EAIC.pdf\">Normas para apresenta\u00e7\u00e3o oral&nbsp;para o <strong>EAIC<\/strong><\/a><\/p>\n\n\n\n<p>\u00a0&#8211;\u00a0<a href=\"https:\/\/eventos.uel.br\/eaic\/wp-content\/uploads\/2025\/08\/Modelo_apresentacao_EAIC.pptx\">Modelo para power point\u00a0para o <\/a><strong><a href=\"https:\/\/eventos.uel.br\/eaic\/wp-content\/uploads\/2025\/08\/Modelo_apresentacao_EAIC.pptx\">EAIC<\/a>\u00a0<\/strong><\/p>\n\n\n\n<div style=\"height:30px\" aria-hidden=\"true\" class=\"wp-block-spacer\"><\/div>\n\n\n\n<p>&#8211;&nbsp;<a href=\"https:\/\/eventos.uel.br\/eaic\/wp-content\/uploads\/2025\/08\/Normas-para-Apresentacao-Oral-EAICjr.pdf\">Normas para apresenta\u00e7\u00e3o oral&nbsp;para o <strong>EAIC J\u00fanior<\/strong><\/a><\/p>\n\n\n\n<p>&#8211;\u00a0<a href=\"https:\/\/eventos.uel.br\/eaic\/wp-content\/uploads\/2025\/08\/Modelo_apresentacao_EAICjr.pptx\">Modelo para power point para o <strong>EAIC J\u00fanior\u00a0<\/strong><\/a><\/p>\n\n\n\n<p><\/p>\n","protected":false},"excerpt":{"rendered":"<p>1) Normas para Elabora\u00e7\u00e3o do Resumo: &nbsp;&#8211; Normas para elabora\u00e7\u00e3o do resumo&nbsp;do EAIC \u00a0&#8211; Modelo de resumo do EAIC &#8211;&nbsp;Normas para elabora\u00e7\u00e3o do resumo do EAIC J\u00fanior &#8211;\u00a0Modelo do Resumo do EAIC Jr 2) Apresenta\u00e7\u00e3o dos resumos:&nbsp; &nbsp;&#8211;&nbsp;Normas para apresenta\u00e7\u00e3o oral&nbsp;para o EAIC \u00a0&#8211;\u00a0Modelo para power point\u00a0para o EAIC\u00a0 &#8211;&nbsp;Normas para apresenta\u00e7\u00e3o oral&nbsp;para o EAIC [&hellip;]<\/p>\n","protected":false},"author":6,"featured_media":0,"parent":0,"menu_order":0,"comment_status":"closed","ping_status":"closed","template":"","meta":{"_acf_changed":false,"_themeisle_gutenberg_block_has_review":false,"footnotes":""},"class_list":["post-146","page","type-page","status-publish","hentry"],"acf":[],"_links":{"self":[{"href":"https:\/\/eventos.uel.br\/eaic\/wp-json\/wp\/v2\/pages\/146","targetHints":{"allow":["GET"]}}],"collection":[{"href":"https:\/\/eventos.uel.br\/eaic\/wp-json\/wp\/v2\/pages"}],"about":[{"href":"https:\/\/eventos.uel.br\/eaic\/wp-json\/wp\/v2\/types\/page"}],"author":[{"embeddable":true,"href":"https:\/\/eventos.uel.br\/eaic\/wp-json\/wp\/v2\/users\/6"}],"replies":[{"embeddable":true,"href":"https:\/\/eventos.uel.br\/eaic\/wp-json\/wp\/v2\/comments?post=146"}],"version-history":[{"count":6,"href":"https:\/\/eventos.uel.br\/eaic\/wp-json\/wp\/v2\/pages\/146\/revisions"}],"predecessor-version":[{"id":421,"href":"https:\/\/eventos.uel.br\/eaic\/wp-json\/wp\/v2\/pages\/146\/revisions\/421"}],"wp:attachment":[{"href":"https:\/\/eventos.uel.br\/eaic\/wp-json\/wp\/v2\/media?parent=146"}],"curies":[{"name":"wp","href":"https:\/\/api.w.org\/{rel}","templated":true}]}}