{"id":142,"date":"2025-05-20T11:22:03","date_gmt":"2025-05-20T14:22:03","guid":{"rendered":"https:\/\/eventos.uel.br\/eaic\/?page_id=142"},"modified":"2025-10-14T13:37:29","modified_gmt":"2025-10-14T16:37:29","slug":"programacao-completa","status":"publish","type":"page","link":"https:\/\/eventos.uel.br\/eaic\/programacao-completa\/","title":{"rendered":"Programa\u00e7\u00e3o Completa"},"content":{"rendered":"\n<p class=\"has-small-font-size\"><\/p>\n\n\n\n<p class=\"has-small-font-size\"><\/p>\n\n\n\n<div class=\"wp-block-columns is-layout-flex wp-container-core-columns-is-layout-9d6595d7 wp-block-columns-is-layout-flex\">\n<div class=\"wp-block-column is-layout-flow wp-block-column-is-layout-flow\" style=\"flex-basis:100%\">\n<figure class=\"wp-block-table has-small-font-size\"><table class=\"has-fixed-layout\"><tbody><tr><td class=\"has-text-align-left\" data-align=\"left\">10\/11\/2025<\/td><td>Abertura oficial do evento \u00e0s 19:00h \u2013&nbsp;<strong>Local:&nbsp;<\/strong>Anfiteatro Cyro Grossi;<br><strong>Palestra:<\/strong>&nbsp;Palestrante EAIC \u2013 Prof. Dr. Jorge Roberto Lopes dos santos \u2013 Pontif\u00edcia Universidade Cat\u00f3lica do Rio de Janeiro, PUC-Rio<br>\u201cMaluco tem im\u00e3: a multidisciplinaridade e as conex\u00f5es nas diferentes \u00e1reas do conhecimento\u201d<br>Credenciamento dos inscritos<\/td><\/tr><tr><td class=\"has-text-align-left\" data-align=\"left\"><br>11\/11\/2025<\/td><td>Das 08:00h \u00e0s 12:00h e das 14:00h \u00e0s 18:00h \u2013 Apresenta\u00e7\u00e3o dos trabalhos de Inicia\u00e7\u00e3o Cient\u00edfica nos centros de estudos<\/td><\/tr><tr><td class=\"has-text-align-left\" data-align=\"left\">12\/11\/2025<\/td><td>Das 08:00h \u00e0s 12:00h \u2013 Reuni\u00e3o comit\u00ea PROIC e Comit\u00ea Avaliador Externo CNPq \u2013 LABESC;<br>Das 14:00h \u00e0s 18:00h \u2013 Evento EAIC Jr<br>(das 14:00h \u00e0s 16:00h Palestra no Anfiteatro do CESA \/<br>das 16:00h \u00e0s 18:00h Apresenta\u00e7\u00e3o oral dos trabalhos de Inicia\u00e7\u00e3o Cient\u00edfica J\u00fanior \u2013 LABESC)<br><strong>Palestra:<\/strong>\u00a0Prof. Dr. Paulo Antonio Liboni Filho \u2013 UEL e<br>Tha\u00eds Artoni Martins \u2013 Egressa UEL<\/td><\/tr><\/tbody><\/table><\/figure>\n<\/div>\n<\/div>\n\n\n\n<p class=\"has-small-font-size\"><\/p>\n\n\n\n<p class=\"has-small-font-size\"><\/p>\n\n\n\n<p class=\"has-small-font-size\"><\/p>\n\n\n\n<p><\/p>\n\n\n\n<p><\/p>\n\n\n\n<p><\/p>\n","protected":false},"excerpt":{"rendered":"<p>10\/11\/2025 Abertura oficial do evento \u00e0s 19:00h \u2013&nbsp;Local:&nbsp;Anfiteatro Cyro Grossi;Palestra:&nbsp;Palestrante EAIC \u2013 Prof. Dr. Jorge Roberto Lopes dos santos \u2013 Pontif\u00edcia Universidade Cat\u00f3lica do Rio de Janeiro, PUC-Rio\u201cMaluco tem im\u00e3: a multidisciplinaridade e as conex\u00f5es nas diferentes \u00e1reas do conhecimento\u201dCredenciamento dos inscritos 11\/11\/2025 Das 08:00h \u00e0s 12:00h e das 14:00h \u00e0s 18:00h \u2013 Apresenta\u00e7\u00e3o dos [&hellip;]<\/p>\n","protected":false},"author":6,"featured_media":0,"parent":0,"menu_order":0,"comment_status":"closed","ping_status":"closed","template":"","meta":{"_acf_changed":false,"_themeisle_gutenberg_block_has_review":false,"footnotes":""},"class_list":["post-142","page","type-page","status-publish","hentry"],"acf":[],"_links":{"self":[{"href":"https:\/\/eventos.uel.br\/eaic\/wp-json\/wp\/v2\/pages\/142","targetHints":{"allow":["GET"]}}],"collection":[{"href":"https:\/\/eventos.uel.br\/eaic\/wp-json\/wp\/v2\/pages"}],"about":[{"href":"https:\/\/eventos.uel.br\/eaic\/wp-json\/wp\/v2\/types\/page"}],"author":[{"embeddable":true,"href":"https:\/\/eventos.uel.br\/eaic\/wp-json\/wp\/v2\/users\/6"}],"replies":[{"embeddable":true,"href":"https:\/\/eventos.uel.br\/eaic\/wp-json\/wp\/v2\/comments?post=142"}],"version-history":[{"count":10,"href":"https:\/\/eventos.uel.br\/eaic\/wp-json\/wp\/v2\/pages\/142\/revisions"}],"predecessor-version":[{"id":562,"href":"https:\/\/eventos.uel.br\/eaic\/wp-json\/wp\/v2\/pages\/142\/revisions\/562"}],"wp:attachment":[{"href":"https:\/\/eventos.uel.br\/eaic\/wp-json\/wp\/v2\/media?parent=142"}],"curies":[{"name":"wp","href":"https:\/\/api.w.org\/{rel}","templated":true}]}}