{"id":46,"date":"2024-06-10T14:29:55","date_gmt":"2024-06-10T17:29:55","guid":{"rendered":"https:\/\/eventos.uel.br\/cpm\/?page_id=46"},"modified":"2025-06-02T10:51:02","modified_gmt":"2025-06-02T13:51:02","slug":"inscricoes","status":"publish","type":"page","link":"https:\/\/eventos.uel.br\/cpm\/inscricoes\/","title":{"rendered":"Inscri\u00e7\u00f5es"},"content":{"rendered":"\n<p>Informamos que as inscri\u00e7\u00f5es para o <strong>V Congresso Paranaense de Microbiologia<\/strong> ter\u00e3o in\u00edcio no dia <strong>17 de fevereiro de 2025<\/strong>, com valores diferenciados para estudantes de gradua\u00e7\u00e3o, p\u00f3s-gradua\u00e7\u00e3o e profissionais.<\/p>\n\n\n\n<p><\/p>\n\n\n\n<p><strong>Valores por lote:<\/strong><\/p>\n\n\n\n<ul class=\"wp-block-list\">\n<li><strong>1\u00ba Lote:<\/strong> De 25\/02\/2025 a 31\/03\/2025, at\u00e9 as 23h59.\n<ul class=\"wp-block-list\">\n<li>Estudantes de Gradua\u00e7\u00e3o: R$ 175,00<\/li>\n\n\n\n<li>Estudantes de P\u00f3s-Gradua\u00e7\u00e3o: R$ 225,00<\/li>\n\n\n\n<li>Profissional: R$ 275,00<\/li>\n\n\n\n<li>Minicurso: R$ 20,00<\/li>\n<\/ul>\n<\/li>\n\n\n\n<li><strong>2\u00ba Lote:<\/strong> De 01\/04\/2025 a 15\/05\/2025, at\u00e9 as 23h59.\n<ul class=\"wp-block-list\">\n<li>Estudantes de Gradua\u00e7\u00e3o: R$ 220,00<\/li>\n\n\n\n<li>Estudantes de P\u00f3s-Gradua\u00e7\u00e3o: R$ 280,00<\/li>\n\n\n\n<li>Profissional: R$ 340,00<\/li>\n\n\n\n<li>Minicurso: R$ 25,00<\/li>\n<\/ul>\n<\/li>\n\n\n\n<li><strong>3\u00ba Lote:<\/strong> De 16\/05\/2025 a 01\/08\/2025, at\u00e9 as 23h59.\n<ul class=\"wp-block-list\">\n<li>Estudantes de Gradua\u00e7\u00e3o: R$ 240,00<\/li>\n\n\n\n<li>Estudantes de P\u00f3s-Gradua\u00e7\u00e3o: R$ 300,00<\/li>\n\n\n\n<li>Profissional: R$ 360,00<\/li>\n\n\n\n<li>Minicurso: R$ 30,00<\/li>\n<\/ul>\n<\/li>\n<\/ul>\n\n\n\n<p><strong>Importante:<\/strong> O valor da inscri\u00e7\u00e3o contempla a submiss\u00e3o de um resumo cient\u00edfico.<\/p>\n\n\n\n<div class=\"wp-block-buttons is-content-justification-center is-layout-flex wp-container-core-buttons-is-layout-16018d1d wp-block-buttons-is-layout-flex\">\n<div class=\"wp-block-button\"><a class=\"wp-block-button__link has-cinza-claro-color has-text-color has-background has-link-color wp-element-button\" href=\"https:\/\/www.sistemasweb.uel.br\/index.php?contents=system\/insc\/index.php&amp;pagina=view\/inscricoes\/seleciona_evento.php&amp;cod_evento=10106\" style=\"background-color:#003e3b\">FA\u00c7A SUA INSCRI\u00c7\u00c3O<\/a><\/div>\n<\/div>\n\n\n\n<p><strong>Forma de pagamento:<\/strong><br>O pagamento dever\u00e1 ser efetuado exclusivamente via boleto banc\u00e1rio, em parcela \u00fanica, gerado ap\u00f3s o preenchimento do formul\u00e1rio de inscri\u00e7\u00e3o online.<\/p>\n\n\n\n<p><strong>Pol\u00edtica de reembolso<\/strong><br>Salientamos que <strong>n\u00e3o haver\u00e1 reembolso<\/strong> para nenhuma modalidade de inscri\u00e7\u00e3o.<\/p>\n\n\n\n<p><strong>Envio do comprovante:<\/strong><br>O comprovante de pagamento dever\u00e1 ser encaminhado para o e-mail: <strong><a>cpm.financeiro@gmail.com<\/a><\/strong>.<\/p>\n\n\n\n<div class=\"wp-block-buttons is-content-justification-center is-layout-flex wp-container-core-buttons-is-layout-16018d1d wp-block-buttons-is-layout-flex\">\n<div class=\"wp-block-button\"><a class=\"wp-block-button__link has-cinza-claro-color has-text-color has-background has-link-color has-text-align-center wp-element-button\" href=\"https:\/\/eventos.uel.br\/cpm\/contato\/\" style=\"background-color:#003e3b\">CONTATO PARA D\u00daVIDAS<\/a><\/div>\n<\/div>\n\n\n\n<p><\/p>\n","protected":false},"excerpt":{"rendered":"<p>Informamos que as inscri\u00e7\u00f5es para o V Congresso Paranaense de Microbiologia ter\u00e3o in\u00edcio no dia 17 de fevereiro de 2025, com valores diferenciados para estudantes de gradua\u00e7\u00e3o, p\u00f3s-gradua\u00e7\u00e3o e profissionais. Valores por lote: Importante: O valor da inscri\u00e7\u00e3o contempla a submiss\u00e3o de um resumo cient\u00edfico. Forma de pagamento:O pagamento dever\u00e1 ser efetuado exclusivamente via boleto [&hellip;]<\/p>\n","protected":false},"author":8,"featured_media":0,"parent":0,"menu_order":0,"comment_status":"closed","ping_status":"closed","template":"","meta":{"_acf_changed":false,"footnotes":""},"class_list":["post-46","page","type-page","status-publish","hentry"],"acf":[],"_links":{"self":[{"href":"https:\/\/eventos.uel.br\/cpm\/wp-json\/wp\/v2\/pages\/46","targetHints":{"allow":["GET"]}}],"collection":[{"href":"https:\/\/eventos.uel.br\/cpm\/wp-json\/wp\/v2\/pages"}],"about":[{"href":"https:\/\/eventos.uel.br\/cpm\/wp-json\/wp\/v2\/types\/page"}],"author":[{"embeddable":true,"href":"https:\/\/eventos.uel.br\/cpm\/wp-json\/wp\/v2\/users\/8"}],"replies":[{"embeddable":true,"href":"https:\/\/eventos.uel.br\/cpm\/wp-json\/wp\/v2\/comments?post=46"}],"version-history":[{"count":11,"href":"https:\/\/eventos.uel.br\/cpm\/wp-json\/wp\/v2\/pages\/46\/revisions"}],"predecessor-version":[{"id":405,"href":"https:\/\/eventos.uel.br\/cpm\/wp-json\/wp\/v2\/pages\/46\/revisions\/405"}],"wp:attachment":[{"href":"https:\/\/eventos.uel.br\/cpm\/wp-json\/wp\/v2\/media?parent=46"}],"curies":[{"name":"wp","href":"https:\/\/api.w.org\/{rel}","templated":true}]}}