{"id":538,"date":"2024-12-17T09:28:23","date_gmt":"2024-12-17T12:28:23","guid":{"rendered":"https:\/\/eventos.uel.br\/conpef\/?page_id=538"},"modified":"2025-06-11T09:36:04","modified_gmt":"2025-06-11T12:36:04","slug":"cursos-programados","status":"publish","type":"page","link":"https:\/\/eventos.uel.br\/conpef\/cursos-programados\/","title":{"rendered":"CURSOS MINISTRADOS"},"content":{"rendered":"\n<figure class=\"wp-block-image size-large\"><img loading=\"lazy\" decoding=\"async\" width=\"1024\" height=\"211\" src=\"https:\/\/eventos.uel.br\/conpef\/wp-content\/uploads\/2024\/10\/baner_barra_2025-1024x211.png\" alt=\"\" class=\"wp-image-35\" srcset=\"https:\/\/eventos.uel.br\/conpef\/wp-content\/uploads\/2024\/10\/baner_barra_2025-1024x211.png 1024w, https:\/\/eventos.uel.br\/conpef\/wp-content\/uploads\/2024\/10\/baner_barra_2025-300x62.png 300w, https:\/\/eventos.uel.br\/conpef\/wp-content\/uploads\/2024\/10\/baner_barra_2025-768x158.png 768w, https:\/\/eventos.uel.br\/conpef\/wp-content\/uploads\/2024\/10\/baner_barra_2025.png 1100w\" sizes=\"auto, (max-width: 1024px) 100vw, 1024px\" \/><\/figure>\n\n\n\n<h2 class=\"wp-block-heading has-text-align-center\">CURSOS E MINISTRANTES<\/h2>\n\n\n\n<div class=\"wp-block-columns is-layout-flex wp-container-core-columns-is-layout-9d6595d7 wp-block-columns-is-layout-flex\">\n<div class=\"wp-block-column is-layout-flow wp-block-column-is-layout-flow\" style=\"flex-basis:100%\">\n<figure class=\"wp-block-table aligncenter\"><table><tbody><tr><td class=\"has-text-align-left\" data-align=\"left\"><strong>T\u00cdTULOS DOS CURSOS<\/strong><\/td><td><strong>MINISTRANTES<\/strong><\/td><\/tr><tr><td class=\"has-text-align-left\" data-align=\"left\"><strong><a href=\"https:\/\/eventos.uel.br\/conpef\/wp-content\/uploads\/2024\/12\/C01_PRONTO_ESPORTES_ADAPTADOS.pdf\" data-type=\"link\" data-id=\"https:\/\/eventos.uel.br\/conpef\/wp-content\/uploads\/2024\/12\/C01_PRONTO_ESPORTES_ADAPTADOS.pdf\">C01- ESPORTES ADAPTADOS NO AMBIENTE ESCOLAR: PROBLEMATIZA\u00c7\u00c3O, PROPOSTAS E ATIVIDADES<\/a><\/strong><\/td><td>ARIANI BRAGA ALMEIDA<br> <br>MARCO ANTONIO DE LIMA OLIVEIRA<br> <br>PEDRO ROSIEL CARVALHO MARTINS<\/td><\/tr><tr><td class=\"has-text-align-left\" data-align=\"left\"><strong><a href=\"https:\/\/eventos.uel.br\/conpef\/wp-content\/uploads\/2024\/12\/C02_PRONTO_A-AVENTURA-DE-ENSINAR_ORIENTACAO.pdf\">C02- A AVENTURA DE ENSINAR ORIENTA\u00c7\u00c3O NA ESCOLA<\/a><\/strong><\/td><td>DENISE CORREA DA LUZ<br> <br>HELLI FARIA FERREIRA RISSO<\/td><\/tr><tr><td class=\"has-text-align-left\" data-align=\"left\"><strong><a href=\"https:\/\/eventos.uel.br\/conpef\/wp-content\/uploads\/2024\/12\/C03_PRONTO_INCLUSAO_E_EDF_ESCOLAR.pdf\" data-type=\"link\" data-id=\"https:\/\/eventos.uel.br\/conpef\/wp-content\/uploads\/2024\/12\/C03_PRONTO_INCLUSAO_E_EDF_ESCOLAR.pdf\">C03- INCLUS\u00c3O E EDUCA\u00c7\u00c3O F\u00cdSICA ESCOLAR: DO ACOLHIMENTO \u00c0 AVALIA\u00c7\u00c3O<\/a><\/strong><\/td><td>ELISANGELA BLUMER MENEGHIN FERREIRA<\/td><\/tr><tr><td class=\"has-text-align-left\" data-align=\"left\"><strong><a href=\"https:\/\/eventos.uel.br\/conpef\/wp-content\/uploads\/2025\/06\/Curso_04_COMPLEMENTO_Microaventuras_ELIZANDRO.pdf\" data-type=\"link\" data-id=\"https:\/\/eventos.uel.br\/conpef\/wp-content\/uploads\/2025\/06\/Curso_04_COMPLEMENTO_Microaventuras_ELIZANDRO.pdf\">C04- MICROAVENTURAS O CAMINHO DAS PR\u00c1TICAS CORPORAIS DE AVENTURA NA ESCOLA: JOGOS, BRINCADEIRAS, MAQUETES, MINIATURAS E LUDICIDADE<\/a><\/strong><\/td><td>ELIZANDRO RICARDO C\u00c1SSARO<\/td><\/tr><tr><td class=\"has-text-align-left\" data-align=\"left\"><strong><a href=\"https:\/\/eventos.uel.br\/conpef\/wp-content\/uploads\/2025\/06\/C05_PRONTO_ESCOLARIZACAO_DA_AVENTURA.pdf\" data-type=\"link\" data-id=\"https:\/\/eventos.uel.br\/conpef\/wp-content\/uploads\/2025\/06\/C05_PRONTO_ESCOLARIZACAO_DA_AVENTURA.pdf\">C05- ESCOLARIZA\u00c7\u00c3O DA AVENTURA NA ESCOLA EM TEMPO INTEGRAL<\/a><\/strong><\/td><td>GIULIANO GOMES DE ASSIS PIMENTEL<\/td><\/tr><tr><td class=\"has-text-align-left\" data-align=\"left\"><strong><a href=\"https:\/\/eventos.uel.br\/conpef\/wp-content\/uploads\/2024\/12\/C06_PRONTO_UTILIZACAO_DO_SOFTWARE_OOMAP.pdf\" data-type=\"link\" data-id=\"https:\/\/eventos.uel.br\/conpef\/wp-content\/uploads\/2024\/12\/C06_PRONTO_UTILIZACAO_DO_SOFTWARE_OOMAP.pdf\">C06- UTILIZA\u00c7\u00c3O DO SOFTWARE OOMAP PARA CONFECCIONAR MAPAS PARA O ENSINO DA CORRIDA DE ORIENTA\u00c7\u00c3O NA ESCOLA<\/a><\/strong><\/td><td>ROGERIO CAMPOS<\/td><\/tr><tr><td class=\"has-text-align-left\" data-align=\"left\"><strong><a href=\"https:\/\/eventos.uel.br\/conpef\/wp-content\/uploads\/2024\/12\/C07_PRONTO_O_ENSINO_DO_ESPORTE.pdf\" data-type=\"link\" data-id=\"https:\/\/eventos.uel.br\/conpef\/wp-content\/uploads\/2024\/12\/C07_PRONTO_O_ENSINO_DO_ESPORTE.pdf\">C07- EDUCA\u00c7\u00c3O F\u00cdSICA NA EDUCA\u00c7\u00c3O B\u00c1SICA: O ENSINO DO ESPORTE AO LONGO DO ENSINO FUNDAMENTAL<\/a><\/strong><\/td><td>LUCIANO ANDR\u00c9 PIZI<br> <br>PRISCILA APARECIDA SILVA DE OLIVEIRA<br> <br>RAFAEL MARQUES FRAN\u00c7A<\/td><\/tr><tr><td class=\"has-text-align-left\" data-align=\"left\"><strong><a href=\"https:\/\/eventos.uel.br\/conpef\/wp-content\/uploads\/2025\/06\/C08_JOGOS-REDUZIDOS-E-MODIFICADOS.pdf\" data-type=\"link\" data-id=\"https:\/\/eventos.uel.br\/conpef\/wp-content\/uploads\/2025\/06\/C08_JOGOS-REDUZIDOS-E-MODIFICADOS.pdf\">C08- JOGOS REDUZIDOS E MODIFICADOS PARA O ENSINO DE ESPORTES COLETIVOS NO ENSINO FUNDAMENTAL \u2013 S\u00c9RIES INICIAIS<\/a><\/strong><\/td><td>THIAGO AGUIMAR DE FREITAS<br><br>\u00c9RICA MAROLDI PRADO<\/td><\/tr><tr><td class=\"has-text-align-left\" data-align=\"left\"><strong><a href=\"https:\/\/eventos.uel.br\/conpef\/wp-content\/uploads\/2024\/12\/C09_ENSINO-DA-GINASTICA.pdf\" data-type=\"link\" data-id=\"https:\/\/eventos.uel.br\/conpef\/wp-content\/uploads\/2024\/12\/C09_ENSINO-DA-GINASTICA.pdf\">C09- ENSINO DA GIN\u00c1STICA NA PERSPECTIVA DA MOTRICIDADE HUMANA<\/a><\/strong><\/td><td>ANA MARIA PEREIRA<br> <br>CARLA CRISTIANE DA SILVA <br><br>MARILENE CES\u00c1RIO<\/td><\/tr><tr><td class=\"has-text-align-left\" data-align=\"left\"><strong><a href=\"https:\/\/eventos.uel.br\/conpef\/wp-content\/uploads\/2025\/06\/C10_AVALIACAO_NO_ENSINO_FUNDAMENTAL.pdf\" data-type=\"link\" data-id=\"https:\/\/eventos.uel.br\/conpef\/wp-content\/uploads\/2025\/06\/C10_AVALIACAO_NO_ENSINO_FUNDAMENTAL.pdf\">C10- AVALIA\u00c7\u00c3O NO ENSINO FUNDAMENTAL: POSSIBILIDADES E SUGEST\u00d5ES<\/a><\/strong><\/td><td>&nbsp;JOANA LUISA SILVA MENDON\u00c7A DE ANGELO<br><br>MARIZETE ROZILDA BAHIA DE SEIXAS<br><br>GABRIEL GON\u00c7ALVES FREIRE<br><br>FL\u00c1VIA REGINA SCHIMANSKI DOS SANTOS<\/td><\/tr><tr><td class=\"has-text-align-left\" data-align=\"left\"><strong><a href=\"https:\/\/eventos.uel.br\/conpef\/wp-content\/uploads\/2024\/12\/C11_-BNCC__BODY_NETWORKS_CODE_CHANGE.pdf\" data-type=\"link\" data-id=\"https:\/\/eventos.uel.br\/conpef\/wp-content\/uploads\/2024\/12\/C11_-BNCC__BODY_NETWORKS_CODE_CHANGE.pdf\">C11- BNCC = BODY, NETWORKS, CODE, CHANGE: EDUCA\u00c7\u00c3O F\u00cdSICA, TECNOLOGIAS, INTELIG\u00caNCIA ARTIFICIAL E A ESCOLA INTEGRAL<\/a><\/strong><\/td><td>WALQUIRIA BATISTA DE ANDRADE<\/td><\/tr><\/tbody><\/table><\/figure>\n<\/div>\n<\/div>\n\n\n\n<p><\/p>\n","protected":false},"excerpt":{"rendered":"<p>CURSOS E MINISTRANTES T\u00cdTULOS DOS CURSOS MINISTRANTES C01- ESPORTES ADAPTADOS NO AMBIENTE ESCOLAR: PROBLEMATIZA\u00c7\u00c3O, PROPOSTAS E ATIVIDADES ARIANI BRAGA ALMEIDA MARCO ANTONIO DE LIMA OLIVEIRA PEDRO ROSIEL CARVALHO MARTINS C02- A AVENTURA DE ENSINAR ORIENTA\u00c7\u00c3O NA ESCOLA DENISE CORREA DA LUZ HELLI FARIA FERREIRA RISSO C03- INCLUS\u00c3O E EDUCA\u00c7\u00c3O F\u00cdSICA ESCOLAR: DO ACOLHIMENTO \u00c0 AVALIA\u00c7\u00c3O [&hellip;]<\/p>\n","protected":false},"author":8,"featured_media":0,"parent":0,"menu_order":0,"comment_status":"closed","ping_status":"closed","template":"","meta":{"_acf_changed":false,"footnotes":""},"class_list":["post-538","page","type-page","status-publish","hentry"],"acf":[],"_links":{"self":[{"href":"https:\/\/eventos.uel.br\/conpef\/wp-json\/wp\/v2\/pages\/538","targetHints":{"allow":["GET"]}}],"collection":[{"href":"https:\/\/eventos.uel.br\/conpef\/wp-json\/wp\/v2\/pages"}],"about":[{"href":"https:\/\/eventos.uel.br\/conpef\/wp-json\/wp\/v2\/types\/page"}],"author":[{"embeddable":true,"href":"https:\/\/eventos.uel.br\/conpef\/wp-json\/wp\/v2\/users\/8"}],"replies":[{"embeddable":true,"href":"https:\/\/eventos.uel.br\/conpef\/wp-json\/wp\/v2\/comments?post=538"}],"version-history":[{"count":63,"href":"https:\/\/eventos.uel.br\/conpef\/wp-json\/wp\/v2\/pages\/538\/revisions"}],"predecessor-version":[{"id":1524,"href":"https:\/\/eventos.uel.br\/conpef\/wp-json\/wp\/v2\/pages\/538\/revisions\/1524"}],"wp:attachment":[{"href":"https:\/\/eventos.uel.br\/conpef\/wp-json\/wp\/v2\/media?parent=538"}],"curies":[{"name":"wp","href":"https:\/\/api.w.org\/{rel}","templated":true}]}}