{"id":327,"date":"2024-10-24T14:56:27","date_gmt":"2024-10-24T17:56:27","guid":{"rendered":"https:\/\/eventos.uel.br\/conpef\/?page_id=327"},"modified":"2025-06-11T10:03:09","modified_gmt":"2025-06-11T13:03:09","slug":"comissao-organizadora","status":"publish","type":"page","link":"https:\/\/eventos.uel.br\/conpef\/comissao-organizadora\/","title":{"rendered":"COMISS\u00c3O ORGANIZADORA"},"content":{"rendered":"\n<h2 class=\"wp-block-heading has-text-align-center\"><strong>COMISS\u00c3O ORGANIZADORA<\/strong><\/h2>\n\n\n\n<p><\/p>\n\n\n\n<p><\/p>\n\n\n\n<h2 class=\"wp-block-heading has-text-align-center\"><strong>COORDENA\u00c7\u00c3O GERAL<\/strong><\/h2>\n\n\n\n<p class=\"has-text-align-center\"><strong>Prof\u00aa. Dr\u00aa. \u00c2NGELA PEREIRA TEIXEIRA VICTORIA PALMA &#8211; UEL<\/strong><\/p>\n\n\n\n<p><\/p>\n\n\n\n<h2 class=\"wp-block-heading has-text-align-center\"><strong>COMISS\u00c3O CIENT\u00cdFICA<\/strong><\/h2>\n\n\n\n<p class=\"has-text-align-center\"><strong>PROF\u00aa. DR\u00aa. ANA CLAUDIA SALADINI &#8211; UEL<\/strong><\/p>\n\n\n\n<p class=\"has-text-align-center\"><strong>PROF\u00aa. DR\u00aa. CARLA CRISTIANE DA SILVA &#8211; UEL<\/strong><\/p>\n\n\n\n<p class=\"has-text-align-center\"><strong>PROF\u00aa. DR\u00aa. MORGANA CLAUDIA DA SILVA &#8211; UEL<\/strong><\/p>\n\n\n\n<h2 class=\"wp-block-heading has-text-align-center\"><strong>COORDENA\u00c7\u00c3O DOS CURSOS<\/strong><\/h2>\n\n\n\n<p class=\"has-text-align-center\"><strong>PROF\u00aa. DR\u00aa. KARINA DE TOLEDO ARAUJO &#8211; UEL<\/strong><\/p>\n\n\n\n<p class=\"has-text-align-center\"><strong>PROF. DR. AN\u00cdSIO CALCIOLARI JUNIOR &#8211; UEL<\/strong><\/p>\n\n\n\n<h2 class=\"wp-block-heading has-text-align-center\"><strong>COMISS\u00c3O DE DIVULGA\u00c7\u00c3O<\/strong><\/h2>\n\n\n\n<p class=\"has-text-align-center\"><strong>PROF\u00aa. DR\u00aa. CAROLINI APARECIDA OLIVEIRA CAMPANHOLI<\/strong> <strong>&#8211; IF-Telemaco Borba-Pr.<\/strong><\/p>\n\n\n\n<p class=\"has-text-align-center\"><strong>PROF\u00aa. DR\u00aa. FL\u00c1VIA REGINA SCHIMANSKI DOS SANTOS &#8211; SME-Londrina<\/strong><\/p>\n\n\n\n<h2 class=\"wp-block-heading has-text-align-center\"><strong>MEMBROS DA COMISS\u00c3O ORGANIZADORA<\/strong><\/h2>\n\n\n\n<p class=\"has-text-align-center\"><strong>PROF\u00aa. DR\u00aa. GISELE FRANCO DE LIMA SANTOS &#8211; UEL<\/strong><\/p>\n\n\n\n<p class=\"has-text-align-center\"><strong>PROF. DDo. GABRIEL GON\u00c7ALVES FREIRE &#8211; UEL<\/strong><\/p>\n\n\n\n<p class=\"has-text-align-center\"><strong>PROF. DR. JOS\u00c9 AUGUSTO VICTORIA PALMA &#8211; UEL<\/strong><\/p>\n\n\n\n<p><\/p>\n\n\n\n<p><\/p>\n\n\n\n<p><\/p>\n\n\n\n<p class=\"has-text-align-center\"><\/p>\n\n\n\n<p><\/p>\n\n\n\n<p><\/p>\n\n\n\n<p class=\"has-text-align-center\"><\/p>\n\n\n\n<p><\/p>\n","protected":false},"excerpt":{"rendered":"<p>COMISS\u00c3O ORGANIZADORA COORDENA\u00c7\u00c3O GERAL Prof\u00aa. Dr\u00aa. \u00c2NGELA PEREIRA TEIXEIRA VICTORIA PALMA &#8211; UEL COMISS\u00c3O CIENT\u00cdFICA PROF\u00aa. DR\u00aa. ANA CLAUDIA SALADINI &#8211; UEL PROF\u00aa. DR\u00aa. CARLA CRISTIANE DA SILVA &#8211; UEL PROF\u00aa. DR\u00aa. MORGANA CLAUDIA DA SILVA &#8211; UEL COORDENA\u00c7\u00c3O DOS CURSOS PROF\u00aa. DR\u00aa. KARINA DE TOLEDO ARAUJO &#8211; UEL PROF. DR. AN\u00cdSIO CALCIOLARI JUNIOR &#8211; [&hellip;]<\/p>\n","protected":false},"author":8,"featured_media":0,"parent":0,"menu_order":0,"comment_status":"closed","ping_status":"closed","template":"","meta":{"_acf_changed":false,"footnotes":""},"class_list":["post-327","page","type-page","status-publish","hentry"],"acf":[],"_links":{"self":[{"href":"https:\/\/eventos.uel.br\/conpef\/wp-json\/wp\/v2\/pages\/327","targetHints":{"allow":["GET"]}}],"collection":[{"href":"https:\/\/eventos.uel.br\/conpef\/wp-json\/wp\/v2\/pages"}],"about":[{"href":"https:\/\/eventos.uel.br\/conpef\/wp-json\/wp\/v2\/types\/page"}],"author":[{"embeddable":true,"href":"https:\/\/eventos.uel.br\/conpef\/wp-json\/wp\/v2\/users\/8"}],"replies":[{"embeddable":true,"href":"https:\/\/eventos.uel.br\/conpef\/wp-json\/wp\/v2\/comments?post=327"}],"version-history":[{"count":24,"href":"https:\/\/eventos.uel.br\/conpef\/wp-json\/wp\/v2\/pages\/327\/revisions"}],"predecessor-version":[{"id":797,"href":"https:\/\/eventos.uel.br\/conpef\/wp-json\/wp\/v2\/pages\/327\/revisions\/797"}],"wp:attachment":[{"href":"https:\/\/eventos.uel.br\/conpef\/wp-json\/wp\/v2\/media?parent=327"}],"curies":[{"name":"wp","href":"https:\/\/api.w.org\/{rel}","templated":true}]}}