{"id":202,"date":"2024-10-18T09:15:50","date_gmt":"2024-10-18T12:15:50","guid":{"rendered":"https:\/\/eventos.uel.br\/conpef\/?page_id=202"},"modified":"2025-06-09T11:00:35","modified_gmt":"2025-06-09T14:00:35","slug":"objetivos-2","status":"publish","type":"page","link":"https:\/\/eventos.uel.br\/conpef\/objetivos-2\/","title":{"rendered":"CONPEF 2025 &#8211; OBJETIVOS"},"content":{"rendered":"<div class=\"wp-block-image\">\n<figure class=\"aligncenter size-large\"><img loading=\"lazy\" decoding=\"async\" width=\"1024\" height=\"202\" src=\"https:\/\/eventos.uel.br\/conpef\/wp-content\/uploads\/2024\/10\/WhatsApp-Image-2024-10-07-at-16.14.47-1024x202.jpeg\" alt=\"\" class=\"wp-image-57\" srcset=\"https:\/\/eventos.uel.br\/conpef\/wp-content\/uploads\/2024\/10\/WhatsApp-Image-2024-10-07-at-16.14.47-1024x202.jpeg 1024w, https:\/\/eventos.uel.br\/conpef\/wp-content\/uploads\/2024\/10\/WhatsApp-Image-2024-10-07-at-16.14.47-300x59.jpeg 300w, https:\/\/eventos.uel.br\/conpef\/wp-content\/uploads\/2024\/10\/WhatsApp-Image-2024-10-07-at-16.14.47-768x152.jpeg 768w, https:\/\/eventos.uel.br\/conpef\/wp-content\/uploads\/2024\/10\/WhatsApp-Image-2024-10-07-at-16.14.47.jpeg 1099w\" sizes=\"auto, (max-width: 1024px) 100vw, 1024px\" \/><\/figure>\n<\/div>\n\n\n<p><strong><u>OBJETIVO GERAL<\/u><\/strong><\/p>\n\n\n\n<p>ESTABELECER UM PROCESSO DE DISCUSS\u00c3O, AN\u00c1LISE E ABSTRA\u00c7\u00c3O COLETIVA SOBRE A FORMA\u00c7\u00c3O E ATUA\u00c7\u00c3O DOCENTE PARA O ENSINO DA EDUCA\u00c7\u00c3O F\u00cdSICA, SEU COMPROMISSO SOCIAL E PROCEDIMENTOS PARA A ATUA\u00c7\u00c3O EM UMA ESCOLA EM TEMPO INTEGRAL.<\/p>\n\n\n\n<p><\/p>\n\n\n\n<p><strong><u>OBJETIVOS ESPEC\u00cdFICOS:<\/u><\/strong><\/p>\n\n\n\n<p>1- VALORIZAR EXPERI\u00caNCIAS DE RELA\u00c7\u00d5ES PEDAG\u00d3GICAS, INDIVIDUAIS E COLETIVAS, ACONTECIDAS NO \u00c2MBITO DA FORMA\u00c7\u00c3O DE PROFESSORES DE EDUCA\u00c7\u00c3O F\u00cdSICA E DE SUA ATUA\u00c7\u00c3O PROFISSIONAL NA E PARA UMA ESCOLA EM TEMPO INTEGRAL.<\/p>\n\n\n\n<p>2- PROMOVER SITUA\u00c7\u00d5ES QUE POSSIBILITEM CONTRIBUIR COM A FORMA\u00c7\u00c3O INICIAL E O DESENVOLVIMENTO PROFISSIONAL CONT\u00cdNUO, INDIVIDUAL E COLETIVAMENTE, DE PROFESSORES DE EDUCA\u00c7\u00c3O F\u00cdSICA.<\/p>\n\n\n\n<p>3- DIVULGAR E SOCIALIZAR DE EXPERI\u00caNCIAS QUE FORAM SIGNIFICATIVAMENTE VIVENCIADAS PELOS PROFESSORES EM SEUS COTIDIANOS ESCOLARES.<\/p>\n\n\n\n<p>4- ATENDER NECESSIDADES DE INTERC\u00c2MBIOS ENTRE OS PROFISSIONAIS FORMADORES DE PROFESSORES DE EDUCA\u00c7\u00c3O F\u00cdSICA.<\/p>\n","protected":false},"excerpt":{"rendered":"<p>OBJETIVO GERAL ESTABELECER UM PROCESSO DE DISCUSS\u00c3O, AN\u00c1LISE E ABSTRA\u00c7\u00c3O COLETIVA SOBRE A FORMA\u00c7\u00c3O E ATUA\u00c7\u00c3O DOCENTE PARA O ENSINO DA EDUCA\u00c7\u00c3O F\u00cdSICA, SEU COMPROMISSO SOCIAL E PROCEDIMENTOS PARA A ATUA\u00c7\u00c3O EM UMA ESCOLA EM TEMPO INTEGRAL. OBJETIVOS ESPEC\u00cdFICOS: 1- VALORIZAR EXPERI\u00caNCIAS DE RELA\u00c7\u00d5ES PEDAG\u00d3GICAS, INDIVIDUAIS E COLETIVAS, ACONTECIDAS NO \u00c2MBITO DA FORMA\u00c7\u00c3O DE PROFESSORES [&hellip;]<\/p>\n","protected":false},"author":8,"featured_media":0,"parent":0,"menu_order":0,"comment_status":"closed","ping_status":"closed","template":"","meta":{"_acf_changed":false,"footnotes":""},"class_list":["post-202","page","type-page","status-publish","hentry"],"acf":[],"_links":{"self":[{"href":"https:\/\/eventos.uel.br\/conpef\/wp-json\/wp\/v2\/pages\/202","targetHints":{"allow":["GET"]}}],"collection":[{"href":"https:\/\/eventos.uel.br\/conpef\/wp-json\/wp\/v2\/pages"}],"about":[{"href":"https:\/\/eventos.uel.br\/conpef\/wp-json\/wp\/v2\/types\/page"}],"author":[{"embeddable":true,"href":"https:\/\/eventos.uel.br\/conpef\/wp-json\/wp\/v2\/users\/8"}],"replies":[{"embeddable":true,"href":"https:\/\/eventos.uel.br\/conpef\/wp-json\/wp\/v2\/comments?post=202"}],"version-history":[{"count":5,"href":"https:\/\/eventos.uel.br\/conpef\/wp-json\/wp\/v2\/pages\/202\/revisions"}],"predecessor-version":[{"id":1336,"href":"https:\/\/eventos.uel.br\/conpef\/wp-json\/wp\/v2\/pages\/202\/revisions\/1336"}],"wp:attachment":[{"href":"https:\/\/eventos.uel.br\/conpef\/wp-json\/wp\/v2\/media?parent=202"}],"curies":[{"name":"wp","href":"https:\/\/api.w.org\/{rel}","templated":true}]}}