{"id":1325,"date":"2025-06-09T11:29:49","date_gmt":"2025-06-09T14:29:49","guid":{"rendered":"https:\/\/eventos.uel.br\/conpef\/?page_id=1325"},"modified":"2025-06-11T14:55:52","modified_gmt":"2025-06-11T17:55:52","slug":"conferencias-e-palestras","status":"publish","type":"page","link":"https:\/\/eventos.uel.br\/conpef\/conferencias-e-palestras\/","title":{"rendered":"CONFER\u00caNCIAS E PALESTRAS"},"content":{"rendered":"\n<h2 class=\"wp-block-heading has-text-align-center\">CONFER\u00caNCIAS E PALESTRAS &#8211; SLIDES DAS APRESENTA\u00c7\u00d5ES<\/h2>\n\n\n\n<figure class=\"wp-block-table\"><table class=\"has-fixed-layout\"><tbody><tr><td><strong>CONFER\u00caNCIAS E PALESTRAS<\/strong><\/td><\/tr><tr><td><a href=\"https:\/\/eventos.uel.br\/conpef\/wp-content\/uploads\/2025\/06\/CONF_ABERTURA_DRa_JAQUELINE_MOLL.pdf\" data-type=\"link\" data-id=\"https:\/\/eventos.uel.br\/conpef\/wp-content\/uploads\/2025\/06\/CONF_ABERTURA_DRa_JAQUELINE_MOLL.pdf\"><strong>Confer\u00eancia de Abertura<\/strong> <br>Tema<strong>: ESCOLA EM TEMPO INTEGRAL: DESAFIOS E POSSIBILIDADES PARA FORMA\u00c7\u00c3O E ATUA\u00c7\u00c3O DOCENTE<\/strong><br><strong>Conferencista<\/strong>: Prof\u00aa Dr\u00aa. Jaqueline Moll \u2013 (UFRGS)<\/a> <strong>\u00a0<\/strong><\/td><\/tr><tr><td><strong>Palestra<\/strong> &#8211; Tema: <strong>EDUCA\u00c7\u00c3O TECNOLOGICA E O MUNDO VIRTUAL: IMPACTOS, VANTAGENS E DESAFIOS<\/strong><br><strong>Palestrantes<\/strong>: <br><a href=\"https:\/\/eventos.uel.br\/conpef\/wp-content\/uploads\/2025\/06\/PALESTRA_DRa_KATIANA_LEILA_POSSMAI_ROMANZINI.pdf\" data-type=\"link\" data-id=\"https:\/\/eventos.uel.br\/conpef\/wp-content\/uploads\/2025\/06\/PALESTRA_DRa_KATIANA_LEILA_POSSMAI_ROMANZINI.pdf\">Prof\u00aa Dr\u00aa. Catiana Leila Possamai Romanzini (UEL) <\/a><br><a href=\"https:\/\/eventos.uel.br\/conpef\/wp-content\/uploads\/2025\/06\/PALESTRA_DR_PEDRO_PAULO.pdf\" data-type=\"link\" data-id=\"https:\/\/eventos.uel.br\/conpef\/wp-content\/uploads\/2025\/06\/PALESTRA_DR_PEDRO_PAULO.pdf\">Prof. Dr. Pedro Paulo Pedro Paulo da Silva Ayrosa (UEL)<\/a> <strong>\u00a0<\/strong><\/td><\/tr><tr><td><strong>Mesa Tem\u00e1tica<\/strong>: <strong>ESCOLA EM TEMPO INTEGRAL: A REALIDADE E AS POSSIBILIDADES<\/strong> <br><strong>Palestrantes<\/strong>: <br><a href=\"https:\/\/eventos.uel.br\/conpef\/wp-content\/uploads\/2025\/06\/PALESTRA_GILSON_FIRMINO_DE_GOES.pdf\" data-type=\"link\" data-id=\"https:\/\/eventos.uel.br\/conpef\/wp-content\/uploads\/2025\/06\/PALESTRA_GILSON_FIRMINO_DE_GOES.pdf\">Prof. Ms. Gilson Firmino de Goes \u2013 SME-Maring\u00e1-Pr.<\/a> <br><a href=\"https:\/\/eventos.uel.br\/conpef\/wp-content\/uploads\/2025\/06\/PALESTRA_JOAO_ORTIZ.pdf\" data-type=\"link\" data-id=\"https:\/\/eventos.uel.br\/conpef\/wp-content\/uploads\/2025\/06\/PALESTRA_JOAO_ORTIZ.pdf\">Prof. Ms. Jo\u00e3o Martinez Ortiz Junior \u2013 SME-Londrina <\/a><br><a href=\"https:\/\/eventos.uel.br\/conpef\/wp-content\/uploads\/2025\/06\/PALESTRA_WESLEY_DOS_SANTOS_MAGALHAES.pdf\" data-type=\"link\" data-id=\"https:\/\/eventos.uel.br\/conpef\/wp-content\/uploads\/2025\/06\/PALESTRA_WESLEY_DOS_SANTOS_MAGALHAES.pdf\">Prof. Wesley dos Santos Magalh\u00e3es \u2013 Escola Every <\/a><strong>\u00a0<\/strong><\/td><\/tr><tr><td><a href=\"https:\/\/eventos.uel.br\/conpef\/wp-content\/uploads\/2025\/06\/PALESTRA_DR_RAUL_ALVES_DE_SOUZA.pdf\" data-type=\"link\" data-id=\"https:\/\/eventos.uel.br\/conpef\/wp-content\/uploads\/2025\/06\/PALESTRA_DR_RAUL_ALVES_DE_SOUZA.pdf\"><strong>Palestra<\/strong> \u2013 Tema: <strong>CYBERBULLYING: DESAFIOS E CUIDADOS NA ESCOLA EM TEMPO INTEGRAL<\/strong> <br><strong>Palestrante<\/strong>: <br>Prof. Dr. Raul Alves de Souza (UNESP\/Araraquara) <\/a><strong>\u00a0<\/strong><\/td><\/tr><tr><td><a href=\"https:\/\/eventos.uel.br\/conpef\/wp-content\/uploads\/2025\/06\/PALESTRAS_DR_EDUARD_ANGELO_BENDRATH.pdf\" data-type=\"link\" data-id=\"https:\/\/eventos.uel.br\/conpef\/wp-content\/uploads\/2025\/06\/PALESTRAS_DR_EDUARD_ANGELO_BENDRATH.pdf\"><strong>Palestra<\/strong> \u2013 Tema: <strong>FORMA\u00c7\u00c3O PROFISSIONAL EM EDUCA\u00c7\u00c3O F\u00cdSICA NO BRASIL: LICENCIATURA E BACHARELADO<\/strong><br> <strong>Palestrante<\/strong>: <br>Prof. Dr. Eduard Angelo Bendrath (UEM\/Ivaipor\u00e3) <\/a><strong>\u00a0<\/strong><\/td><\/tr><tr><td><a href=\"https:\/\/eventos.uel.br\/conpef\/wp-content\/uploads\/2025\/06\/PALESTRA_DRa_DANILA_DI_PIETRO.pdf\" data-type=\"link\" data-id=\"https:\/\/eventos.uel.br\/conpef\/wp-content\/uploads\/2025\/06\/PALESTRA_DRa_DANILA_DI_PIETRO.pdf\"><strong>Palestra <\/strong>\u2013 Tema: <strong>CONSTRU\u00c7\u00c3O DA CONVIV\u00caNCIA NA ESCOLA EM TEMPO INTEGRAL<\/strong> <br><strong>Palestrante<\/strong>: <br>Prof\u00aa Dr\u00aa. Danila Di Pietro Zambianco (UNICAMP\/Campinas) <\/a><strong>\u00a0<\/strong> <br><strong><a href=\"https:\/\/eventos.uel.br\/conpef\/wp-content\/uploads\/2025\/06\/FILME_1_PALESTRA_DRa_DANILA_DI_PIETRO.mp4\" data-type=\"link\" data-id=\"https:\/\/eventos.uel.br\/conpef\/wp-content\/uploads\/2025\/06\/FILME_1_PALESTRA_DRa_DANILA_DI_PIETRO.mp4\">Filme 1 <\/a><\/strong><br><strong><a href=\"https:\/\/eventos.uel.br\/conpef\/wp-content\/uploads\/2025\/06\/FILME_2_PALESTRA_DRa_DANILA_DI_PIETRO.mp4\" data-type=\"link\" data-id=\"https:\/\/eventos.uel.br\/conpef\/wp-content\/uploads\/2025\/06\/FILME_2_PALESTRA_DRa_DANILA_DI_PIETRO.mp4\">Filme 2<\/a><\/strong><\/td><\/tr><tr><td><a href=\"https:\/\/eventos.uel.br\/conpef\/wp-content\/uploads\/2025\/06\/CONF_ENCERRAMENTO_DRa_CLAUDIA_DA_MOTA_DAROS_PARENTE.pdf\" data-type=\"link\" data-id=\"https:\/\/eventos.uel.br\/conpef\/wp-content\/uploads\/2025\/06\/CONF_ENCERRAMENTO_DRa_CLAUDIA_DA_MOTA_DAROS_PARENTE.pdf\"><strong>Confer\u00eancia de Encerramento<\/strong> <br>Tema: <strong>EDUCA\u00c7\u00c3O EM TEMPO INTEGRAL NO BRASIL: DESENHOS E REDE DE POL\u00cdTICAS<\/strong> <br><strong>Conferencista<\/strong>: Prof\u00aa Dr\u00aa Claudia da Mota Dar\u00f3s Parente (UNESP\/Mar\u00edlia)<\/a> <strong>&nbsp;<\/strong><\/td><\/tr><\/tbody><\/table><\/figure>\n\n\n\n<p><\/p>\n","protected":false},"excerpt":{"rendered":"<p>CONFER\u00caNCIAS E PALESTRAS &#8211; SLIDES DAS APRESENTA\u00c7\u00d5ES CONFER\u00caNCIAS E PALESTRAS Confer\u00eancia de Abertura Tema: ESCOLA EM TEMPO INTEGRAL: DESAFIOS E POSSIBILIDADES PARA FORMA\u00c7\u00c3O E ATUA\u00c7\u00c3O DOCENTEConferencista: Prof\u00aa Dr\u00aa. Jaqueline Moll \u2013 (UFRGS) \u00a0 Palestra &#8211; Tema: EDUCA\u00c7\u00c3O TECNOLOGICA E O MUNDO VIRTUAL: IMPACTOS, VANTAGENS E DESAFIOSPalestrantes: Prof\u00aa Dr\u00aa. Catiana Leila Possamai Romanzini (UEL) Prof. Dr. [&hellip;]<\/p>\n","protected":false},"author":8,"featured_media":0,"parent":0,"menu_order":0,"comment_status":"closed","ping_status":"closed","template":"","meta":{"_acf_changed":false,"footnotes":""},"class_list":["post-1325","page","type-page","status-publish","hentry"],"acf":[],"_links":{"self":[{"href":"https:\/\/eventos.uel.br\/conpef\/wp-json\/wp\/v2\/pages\/1325","targetHints":{"allow":["GET"]}}],"collection":[{"href":"https:\/\/eventos.uel.br\/conpef\/wp-json\/wp\/v2\/pages"}],"about":[{"href":"https:\/\/eventos.uel.br\/conpef\/wp-json\/wp\/v2\/types\/page"}],"author":[{"embeddable":true,"href":"https:\/\/eventos.uel.br\/conpef\/wp-json\/wp\/v2\/users\/8"}],"replies":[{"embeddable":true,"href":"https:\/\/eventos.uel.br\/conpef\/wp-json\/wp\/v2\/comments?post=1325"}],"version-history":[{"count":34,"href":"https:\/\/eventos.uel.br\/conpef\/wp-json\/wp\/v2\/pages\/1325\/revisions"}],"predecessor-version":[{"id":1493,"href":"https:\/\/eventos.uel.br\/conpef\/wp-json\/wp\/v2\/pages\/1325\/revisions\/1493"}],"wp:attachment":[{"href":"https:\/\/eventos.uel.br\/conpef\/wp-json\/wp\/v2\/media?parent=1325"}],"curies":[{"name":"wp","href":"https:\/\/api.w.org\/{rel}","templated":true}]}}