{"id":171,"date":"2024-09-02T17:11:08","date_gmt":"2024-09-02T20:11:08","guid":{"rendered":"https:\/\/eventos.uel.br\/alpr30anos\/?page_id=171"},"modified":"2024-09-03T11:27:08","modified_gmt":"2024-09-03T14:27:08","slug":"normas-para-a-submissao","status":"publish","type":"page","link":"https:\/\/eventos.uel.br\/alpr30anos\/normas-para-a-submissao\/","title":{"rendered":"Normas para a submiss\u00e3o"},"content":{"rendered":"\n<p>As submiss\u00f5es de trabalhos ser\u00e3o realizadas at\u00e9 05 de outubro de 2024, pelo e-mail <a href=\"mailto:alpr30anos@gmail.com\">alpr30anos@gmail.com<\/a> e seguir\u00e1 as seguintes diretrizes:<\/p>\n\n\n\n<p>De 250 a 500 palavras;<\/p>\n\n\n\n<p>T\u00edtulo centralizado (apenas as iniciais em mai\u00fascula); <\/p>\n\n\n\n<p>Sem refer\u00eancia de autoria;<\/p>\n\n\n\n<p>Tr\u00eas palavras-chave, separadas por ponto-e-v\u00edrgula; <\/p>\n\n\n\n<p>Em formato Word.<\/p>\n\n\n\n<p>Ap\u00f3s o aceite as inscri\u00e7\u00f5es ser\u00e3o realizadas pela p\u00e1gina da UEL, e as instru\u00e7\u00f5es ser\u00e3o enviadas juntamente com a carta de aceite. &nbsp;<\/p>\n\n\n\n<p>Cada participante pode inscrever-se em at\u00e9 02 comunica\u00e7\u00f5es individuais e 01 minicurso. <\/p>\n\n\n\n<p><\/p>\n","protected":false},"excerpt":{"rendered":"<p>As submiss\u00f5es de trabalhos ser\u00e3o realizadas at\u00e9 05 de outubro de 2024, pelo e-mail alpr30anos@gmail.com e seguir\u00e1 as seguintes diretrizes: De 250 a 500 palavras; T\u00edtulo centralizado (apenas as iniciais em mai\u00fascula); Sem refer\u00eancia de autoria; Tr\u00eas palavras-chave, separadas por ponto-e-v\u00edrgula; Em formato Word. Ap\u00f3s o aceite as inscri\u00e7\u00f5es ser\u00e3o realizadas pela p\u00e1gina da UEL, [&hellip;]<\/p>\n","protected":false},"author":7,"featured_media":0,"parent":0,"menu_order":0,"comment_status":"closed","ping_status":"closed","template":"","meta":{"_acf_changed":false,"footnotes":""},"class_list":["post-171","page","type-page","status-publish","hentry"],"acf":[],"_links":{"self":[{"href":"https:\/\/eventos.uel.br\/alpr30anos\/wp-json\/wp\/v2\/pages\/171","targetHints":{"allow":["GET"]}}],"collection":[{"href":"https:\/\/eventos.uel.br\/alpr30anos\/wp-json\/wp\/v2\/pages"}],"about":[{"href":"https:\/\/eventos.uel.br\/alpr30anos\/wp-json\/wp\/v2\/types\/page"}],"author":[{"embeddable":true,"href":"https:\/\/eventos.uel.br\/alpr30anos\/wp-json\/wp\/v2\/users\/7"}],"replies":[{"embeddable":true,"href":"https:\/\/eventos.uel.br\/alpr30anos\/wp-json\/wp\/v2\/comments?post=171"}],"version-history":[{"count":4,"href":"https:\/\/eventos.uel.br\/alpr30anos\/wp-json\/wp\/v2\/pages\/171\/revisions"}],"predecessor-version":[{"id":207,"href":"https:\/\/eventos.uel.br\/alpr30anos\/wp-json\/wp\/v2\/pages\/171\/revisions\/207"}],"wp:attachment":[{"href":"https:\/\/eventos.uel.br\/alpr30anos\/wp-json\/wp\/v2\/media?parent=171"}],"curies":[{"name":"wp","href":"https:\/\/api.w.org\/{rel}","templated":true}]}}