{"id":168,"date":"2024-09-02T17:05:52","date_gmt":"2024-09-02T20:05:52","guid":{"rendered":"https:\/\/eventos.uel.br\/alpr30anos\/?page_id=168"},"modified":"2024-09-03T10:52:38","modified_gmt":"2024-09-03T13:52:38","slug":"submissao-de-comunicacoes","status":"publish","type":"page","link":"https:\/\/eventos.uel.br\/alpr30anos\/submissao-de-comunicacoes\/","title":{"rendered":"Submiss\u00e3o de Comunica\u00e7\u00f5es"},"content":{"rendered":"\n<h1 class=\"wp-block-heading\">Veja as informa\u00e7\u00f5es sobre normas e investimentos nas abas desta p\u00e1gina. <\/h1>\n","protected":false},"excerpt":{"rendered":"<p>Veja as informa\u00e7\u00f5es sobre normas e investimentos nas abas desta p\u00e1gina.<\/p>\n","protected":false},"author":7,"featured_media":0,"parent":0,"menu_order":0,"comment_status":"closed","ping_status":"closed","template":"","meta":{"_acf_changed":false,"footnotes":""},"class_list":["post-168","page","type-page","status-publish","hentry"],"acf":[],"_links":{"self":[{"href":"https:\/\/eventos.uel.br\/alpr30anos\/wp-json\/wp\/v2\/pages\/168","targetHints":{"allow":["GET"]}}],"collection":[{"href":"https:\/\/eventos.uel.br\/alpr30anos\/wp-json\/wp\/v2\/pages"}],"about":[{"href":"https:\/\/eventos.uel.br\/alpr30anos\/wp-json\/wp\/v2\/types\/page"}],"author":[{"embeddable":true,"href":"https:\/\/eventos.uel.br\/alpr30anos\/wp-json\/wp\/v2\/users\/7"}],"replies":[{"embeddable":true,"href":"https:\/\/eventos.uel.br\/alpr30anos\/wp-json\/wp\/v2\/comments?post=168"}],"version-history":[{"count":2,"href":"https:\/\/eventos.uel.br\/alpr30anos\/wp-json\/wp\/v2\/pages\/168\/revisions"}],"predecessor-version":[{"id":202,"href":"https:\/\/eventos.uel.br\/alpr30anos\/wp-json\/wp\/v2\/pages\/168\/revisions\/202"}],"wp:attachment":[{"href":"https:\/\/eventos.uel.br\/alpr30anos\/wp-json\/wp\/v2\/media?parent=168"}],"curies":[{"name":"wp","href":"https:\/\/api.w.org\/{rel}","templated":true}]}}